{"id":93,"date":"2019-10-03T07:59:25","date_gmt":"2019-10-03T10:59:25","guid":{"rendered":"http:\/\/megaeletronicosjc.com.br\/index.php\/about-us\/"},"modified":"2020-09-28T18:41:40","modified_gmt":"2020-09-28T21:41:40","slug":"sobre","status":"publish","type":"page","link":"https:\/\/topeletronicos.com.br\/index.php\/sobre\/","title":{"rendered":"Conhe\u00e7a a Mega JC Eletr\u00f4nicos"},"content":{"rendered":"\t\t<div data-elementor-type=\"wp-page\" data-elementor-id=\"93\" class=\"elementor elementor-93\" data-elementor-settings=\"[]\">\n\t\t\t<div class=\"elementor-inner\">\n\t\t\t\t<div class=\"elementor-section-wrap\">\n\t\t\t\t\t\t\t<section class=\"elementor-element elementor-element-2fc2f7b elementor-section-content-middle elementor-reverse-mobile elementor-section-boxed elementor-section-height-default elementor-section-height-default elementor-section elementor-top-section\" data-id=\"2fc2f7b\" data-element_type=\"section\">\n\t\t\t\t\t\t<div class=\"elementor-container elementor-column-gap-default\">\n\t\t\t\t<div class=\"elementor-row\">\n\t\t\t\t<div class=\"elementor-element elementor-element-09cb278 elementor-column elementor-col-50 elementor-top-column\" data-id=\"09cb278\" data-element_type=\"column\">\n\t\t\t<div class=\"elementor-column-wrap\">\n\t\t\t\t\t<div class=\"elementor-widget-wrap\">\n\t\t\t\t\t\t<\/div>\n\t\t\t<\/div>\n\t\t<\/div>\n\t\t\t\t<div class=\"elementor-element elementor-element-f80096d elementor-column elementor-col-50 elementor-top-column\" data-id=\"f80096d\" data-element_type=\"column\">\n\t\t\t<div class=\"elementor-column-wrap\">\n\t\t\t\t\t<div class=\"elementor-widget-wrap\">\n\t\t\t\t\t\t<\/div>\n\t\t\t<\/div>\n\t\t<\/div>\n\t\t\t\t\t\t<\/div>\n\t\t\t<\/div>\n\t\t<\/section>\n\t\t\t\t\t\t<\/div>\n\t\t\t<\/div>\n\t\t<\/div>\n\t\t","protected":false},"excerpt":{"rendered":"<p>Conhe\u00e7a a Mega Eletr\u00f4nicos JC Quem somos? Mega Eletr\u00f4nicos foi inaugurada em Mar\u00e7o de 2019 em J\u00falio de Castilhos\/Rs, afim de suprir as necessidades da cidade local, onde pudesse ter em sua loja, toda parte de eletr\u00f4nicos e acess\u00f3rios que n\u00e3o se encontravam em outras lojas. Tendo em vista que, o neg\u00f3cio deu certo, foi [&hellip;]<\/p>\n","protected":false},"author":1,"featured_media":0,"parent":0,"menu_order":0,"comment_status":"closed","ping_status":"closed","template":"templates\/page-builder-content.php","meta":[],"_links":{"self":[{"href":"https:\/\/topeletronicos.com.br\/index.php\/wp-json\/wp\/v2\/pages\/93"}],"collection":[{"href":"https:\/\/topeletronicos.com.br\/index.php\/wp-json\/wp\/v2\/pages"}],"about":[{"href":"https:\/\/topeletronicos.com.br\/index.php\/wp-json\/wp\/v2\/types\/page"}],"author":[{"embeddable":true,"href":"https:\/\/topeletronicos.com.br\/index.php\/wp-json\/wp\/v2\/users\/1"}],"replies":[{"embeddable":true,"href":"https:\/\/topeletronicos.com.br\/index.php\/wp-json\/wp\/v2\/comments?post=93"}],"version-history":[{"count":5,"href":"https:\/\/topeletronicos.com.br\/index.php\/wp-json\/wp\/v2\/pages\/93\/revisions"}],"predecessor-version":[{"id":1301,"href":"https:\/\/topeletronicos.com.br\/index.php\/wp-json\/wp\/v2\/pages\/93\/revisions\/1301"}],"wp:attachment":[{"href":"https:\/\/topeletronicos.com.br\/index.php\/wp-json\/wp\/v2\/media?parent=93"}],"curies":[{"name":"wp","href":"https:\/\/api.w.org\/{rel}","templated":true}]}}