{"id":3207,"date":"2020-10-15T18:46:09","date_gmt":"2020-10-15T21:46:09","guid":{"rendered":"https:\/\/megaeletronicosjc.com.br\/index.php\/product\/fone-i11-tws\/"},"modified":"2020-10-15T18:49:04","modified_gmt":"2020-10-15T21:49:04","slug":"fone-i11-tws","status":"publish","type":"product","link":"https:\/\/topeletronicos.com.br\/index.php\/product\/fone-i11-tws\/","title":{"rendered":"Fone i11-TWS"},"content":{"rendered":"<p>Fone de Ouvido AirPods i11 TWS Bluetooth 5.0 com Sensor Touch para Iphone e Android. O fone de ouvido sem fio AirPods i11 TWS possui a fun\u00e7\u00e3o Touch, bluetooth 5.0 e reproduz \u00e1udio em alta performace, um acess\u00f3rio insdispens\u00e1vel para amantes de qualidade sonora.<\/p>\n","protected":false},"excerpt":{"rendered":"<p>Fone de Ouvido AirPods i11 TWS Bluetooth 5.0 com Sensor Touch para Iphone e Android.<\/p>\n","protected":false},"featured_media":2398,"comment_status":"open","ping_status":"closed","template":"","meta":[],"_links":{"self":[{"href":"https:\/\/topeletronicos.com.br\/index.php\/wp-json\/wp\/v2\/product\/3207"}],"collection":[{"href":"https:\/\/topeletronicos.com.br\/index.php\/wp-json\/wp\/v2\/product"}],"about":[{"href":"https:\/\/topeletronicos.com.br\/index.php\/wp-json\/wp\/v2\/types\/product"}],"replies":[{"embeddable":true,"href":"https:\/\/topeletronicos.com.br\/index.php\/wp-json\/wp\/v2\/comments?post=3207"}],"version-history":[{"count":0,"href":"https:\/\/topeletronicos.com.br\/index.php\/wp-json\/wp\/v2\/product\/3207\/revisions"}],"wp:featuredmedia":[{"embeddable":true,"href":"https:\/\/topeletronicos.com.br\/index.php\/wp-json\/wp\/v2\/media\/2398"}],"wp:attachment":[{"href":"https:\/\/topeletronicos.com.br\/index.php\/wp-json\/wp\/v2\/media?parent=3207"}],"curies":[{"name":"wp","href":"https:\/\/api.w.org\/{rel}","templated":true}]}}