{"id":3208,"date":"2020-10-15T18:46:09","date_gmt":"2020-10-15T21:46:09","guid":{"rendered":"https:\/\/megaeletronicosjc.com.br\/index.php\/product\/fone-i9s-tws\/"},"modified":"2020-10-15T18:49:04","modified_gmt":"2020-10-15T21:49:04","slug":"fone-i9s-tws","status":"publish","type":"product","link":"https:\/\/topeletronicos.com.br\/index.php\/product\/fone-i9s-tws\/","title":{"rendered":"Fone i9S-TWS"},"content":{"rendered":"<p>Mini I9S-TWS Fone de Ouvido Bluetooth V5.0, Branco &#8211; Compat\u00edvel com sistemas de iOS e Android<br \/>\n\u2022 Compat\u00edvel com todos dispositivos ( celular, PC, tablet, etc.) que possu\u00ed bluetooth<br \/>\n\u2022 Podem usar um fone separado ou os dois fones juntos<br \/>\n\u2022 \u00c1udio est\u00e9reo, microfone embutido com redu\u00e7\u00e3o de ru\u00eddo<br \/>\n\u2022 Microfone Est\u00e9reo para atender chamadas, para trabalho, esporte ou estudo.<br \/>\n\u2022 Case de Carregamento iPhone iOS Android Branco<\/p>\n","protected":false},"excerpt":{"rendered":"<p>Mini I9S-TWS Fone de Ouvido Bluetooth V5.0, Branco<\/p>\n","protected":false},"featured_media":2399,"comment_status":"open","ping_status":"closed","template":"","meta":[],"_links":{"self":[{"href":"https:\/\/topeletronicos.com.br\/index.php\/wp-json\/wp\/v2\/product\/3208"}],"collection":[{"href":"https:\/\/topeletronicos.com.br\/index.php\/wp-json\/wp\/v2\/product"}],"about":[{"href":"https:\/\/topeletronicos.com.br\/index.php\/wp-json\/wp\/v2\/types\/product"}],"replies":[{"embeddable":true,"href":"https:\/\/topeletronicos.com.br\/index.php\/wp-json\/wp\/v2\/comments?post=3208"}],"version-history":[{"count":0,"href":"https:\/\/topeletronicos.com.br\/index.php\/wp-json\/wp\/v2\/product\/3208\/revisions"}],"wp:featuredmedia":[{"embeddable":true,"href":"https:\/\/topeletronicos.com.br\/index.php\/wp-json\/wp\/v2\/media\/2399"}],"wp:attachment":[{"href":"https:\/\/topeletronicos.com.br\/index.php\/wp-json\/wp\/v2\/media?parent=3208"}],"curies":[{"name":"wp","href":"https:\/\/api.w.org\/{rel}","templated":true}]}}