{"id":3210,"date":"2020-10-15T18:46:09","date_gmt":"2020-10-15T21:46:09","guid":{"rendered":"https:\/\/megaeletronicosjc.com.br\/index.php\/product\/mobile-gamer-controll-remote-gatilho\/"},"modified":"2020-10-15T18:49:05","modified_gmt":"2020-10-15T21:49:05","slug":"mobile-gamer-controll-remote-gatilho","status":"publish","type":"product","link":"https:\/\/topeletronicos.com.br\/index.php\/product\/mobile-gamer-controll-remote-gatilho\/","title":{"rendered":"Mobile Gamer Controll Remote \/ Gatilho"},"content":{"rendered":"<p>Port\u00e1til e pequeno, em material totalmente transparente que n\u00e3o bloquear\u00e1 a \u00e1rea do jogo. Feito de PVC ambientalmente amig\u00e1vel com grande suc\u00e7\u00e3o. Possui gancho el\u00e1stico flex\u00edvel que oferece opera\u00e7\u00e3o precisa e espiral el\u00e1stico que n\u00e3o permite arranh\u00f5es na tela. Compativel com Android e IOS;<\/p>\n","protected":false},"excerpt":{"rendered":"<p>Port\u00e1til e pequeno, em material totalmente transparente que n\u00e3o bloquear\u00e1 a \u00e1rea do jogo. <\/p>\n","protected":false},"featured_media":2630,"comment_status":"open","ping_status":"closed","template":"","meta":[],"_links":{"self":[{"href":"https:\/\/topeletronicos.com.br\/index.php\/wp-json\/wp\/v2\/product\/3210"}],"collection":[{"href":"https:\/\/topeletronicos.com.br\/index.php\/wp-json\/wp\/v2\/product"}],"about":[{"href":"https:\/\/topeletronicos.com.br\/index.php\/wp-json\/wp\/v2\/types\/product"}],"replies":[{"embeddable":true,"href":"https:\/\/topeletronicos.com.br\/index.php\/wp-json\/wp\/v2\/comments?post=3210"}],"version-history":[{"count":0,"href":"https:\/\/topeletronicos.com.br\/index.php\/wp-json\/wp\/v2\/product\/3210\/revisions"}],"wp:featuredmedia":[{"embeddable":true,"href":"https:\/\/topeletronicos.com.br\/index.php\/wp-json\/wp\/v2\/media\/2630"}],"wp:attachment":[{"href":"https:\/\/topeletronicos.com.br\/index.php\/wp-json\/wp\/v2\/media?parent=3210"}],"curies":[{"name":"wp","href":"https:\/\/api.w.org\/{rel}","templated":true}]}}