{"id":3213,"date":"2020-10-15T18:46:10","date_gmt":"2020-10-15T21:46:10","guid":{"rendered":"https:\/\/megaeletronicosjc.com.br\/index.php\/product\/headset-bluetooth-wireless-stereo-hv-800\/"},"modified":"2020-10-15T18:49:05","modified_gmt":"2020-10-15T21:49:05","slug":"headset-bluetooth-wireless-stereo-hv-800","status":"publish","type":"product","link":"https:\/\/topeletronicos.com.br\/index.php\/product\/headset-bluetooth-wireless-stereo-hv-800\/","title":{"rendered":"Headset Bluetooth Wireless Stereo HV-800"},"content":{"rendered":"<p>Experimente a verdadeira divers\u00e3o para viver, headset Bluetooth oferece-lhe graves potentes e alta. experi\u00eancia de \u00e1udio qualidade de som est\u00e9reo com tecnologia Bluetooth e chamada tomada durante o treino. F\u00e1cil de fazer as duas coisas eliminar fios emaranhados que te leva a loucura. Simplesmente streaming de m\u00fasica e chamadas via Bluetooth. F\u00e1cil de operar bot\u00f5es. Voc\u00ea pode jogar, pule e m\u00fasica pausa, controle de volume e atender chamadas de chamadas.<\/p>\n","protected":false},"excerpt":{"rendered":"<p>Experimente a verdadeira divers\u00e3o para viver, headset Bluetooth oferece-lhe graves potentes e alta.<\/p>\n","protected":false},"featured_media":2635,"comment_status":"open","ping_status":"closed","template":"","meta":[],"_links":{"self":[{"href":"https:\/\/topeletronicos.com.br\/index.php\/wp-json\/wp\/v2\/product\/3213"}],"collection":[{"href":"https:\/\/topeletronicos.com.br\/index.php\/wp-json\/wp\/v2\/product"}],"about":[{"href":"https:\/\/topeletronicos.com.br\/index.php\/wp-json\/wp\/v2\/types\/product"}],"replies":[{"embeddable":true,"href":"https:\/\/topeletronicos.com.br\/index.php\/wp-json\/wp\/v2\/comments?post=3213"}],"version-history":[{"count":0,"href":"https:\/\/topeletronicos.com.br\/index.php\/wp-json\/wp\/v2\/product\/3213\/revisions"}],"wp:featuredmedia":[{"embeddable":true,"href":"https:\/\/topeletronicos.com.br\/index.php\/wp-json\/wp\/v2\/media\/2635"}],"wp:attachment":[{"href":"https:\/\/topeletronicos.com.br\/index.php\/wp-json\/wp\/v2\/media?parent=3213"}],"curies":[{"name":"wp","href":"https:\/\/api.w.org\/{rel}","templated":true}]}}