{"id":3218,"date":"2020-10-15T18:46:11","date_gmt":"2020-10-15T21:46:11","guid":{"rendered":"https:\/\/megaeletronicosjc.com.br\/index.php\/product\/fone-de-ouvido-sem-fio-tws-m1\/"},"modified":"2020-10-15T18:49:06","modified_gmt":"2020-10-15T21:49:06","slug":"fone-de-ouvido-sem-fio-tws-m1","status":"publish","type":"product","link":"https:\/\/topeletronicos.com.br\/index.php\/product\/fone-de-ouvido-sem-fio-tws-m1\/","title":{"rendered":"Fone de Ouvido sem fio TWS M1"},"content":{"rendered":"<p>Fun\u00e7\u00e3o: display da bateria, controle de voz, fun\u00e7\u00e3o de chamada, m\u00fasica de suporte, conex\u00e3o multi-ponto<br \/>\nprotocolo Bluetooth: 5.0<br \/>\nCanal: Est\u00e9reo<\/p>\n","protected":false},"excerpt":{"rendered":"<p>Fun\u00e7\u00e3o: display da bateria, controle de voz, fun\u00e7\u00e3o de chamada, m\u00fasica de suporte, conex\u00e3o multi-ponto<br \/>\nprotocolo Bluetooth: 5.0<br \/>\nCanal: Est\u00e9reo<\/p>\n","protected":false},"featured_media":2402,"comment_status":"open","ping_status":"closed","template":"","meta":[],"_links":{"self":[{"href":"https:\/\/topeletronicos.com.br\/index.php\/wp-json\/wp\/v2\/product\/3218"}],"collection":[{"href":"https:\/\/topeletronicos.com.br\/index.php\/wp-json\/wp\/v2\/product"}],"about":[{"href":"https:\/\/topeletronicos.com.br\/index.php\/wp-json\/wp\/v2\/types\/product"}],"replies":[{"embeddable":true,"href":"https:\/\/topeletronicos.com.br\/index.php\/wp-json\/wp\/v2\/comments?post=3218"}],"version-history":[{"count":0,"href":"https:\/\/topeletronicos.com.br\/index.php\/wp-json\/wp\/v2\/product\/3218\/revisions"}],"wp:featuredmedia":[{"embeddable":true,"href":"https:\/\/topeletronicos.com.br\/index.php\/wp-json\/wp\/v2\/media\/2402"}],"wp:attachment":[{"href":"https:\/\/topeletronicos.com.br\/index.php\/wp-json\/wp\/v2\/media?parent=3218"}],"curies":[{"name":"wp","href":"https:\/\/api.w.org\/{rel}","templated":true}]}}