{"id":3219,"date":"2020-10-15T18:46:11","date_gmt":"2020-10-15T21:46:11","guid":{"rendered":"https:\/\/megaeletronicosjc.com.br\/index.php\/product\/fone-de-ouvido-sej-b21\/"},"modified":"2020-10-15T18:49:06","modified_gmt":"2020-10-15T21:49:06","slug":"fone-de-ouvido-sej-b21","status":"publish","type":"product","link":"https:\/\/topeletronicos.com.br\/index.php\/product\/fone-de-ouvido-sej-b21\/","title":{"rendered":"Fone de Ouvido SEJ-B21"},"content":{"rendered":"<p>Fone de ouvido stereo com microfone para chamadas telef\u00f4nicas com uma qualidade fant\u00e1stica de som. O fone SEJ-B21 da marca Sumexr, ir\u00e1 lhe proporcionar momentos de felicidade com sua alta qualidade. Uma experi\u00eancia \u00fanica de imers\u00e3o sonora. Deixe a qualidade da sumexr lhe impressionar.<\/p>\n","protected":false},"excerpt":{"rendered":"<p>Fone de ouvido stereo com microfone para chamadas telef\u00f4nicas com uma qualidade fant\u00e1stica de som. <\/p>\n","protected":false},"featured_media":2403,"comment_status":"open","ping_status":"closed","template":"","meta":[],"_links":{"self":[{"href":"https:\/\/topeletronicos.com.br\/index.php\/wp-json\/wp\/v2\/product\/3219"}],"collection":[{"href":"https:\/\/topeletronicos.com.br\/index.php\/wp-json\/wp\/v2\/product"}],"about":[{"href":"https:\/\/topeletronicos.com.br\/index.php\/wp-json\/wp\/v2\/types\/product"}],"replies":[{"embeddable":true,"href":"https:\/\/topeletronicos.com.br\/index.php\/wp-json\/wp\/v2\/comments?post=3219"}],"version-history":[{"count":0,"href":"https:\/\/topeletronicos.com.br\/index.php\/wp-json\/wp\/v2\/product\/3219\/revisions"}],"wp:featuredmedia":[{"embeddable":true,"href":"https:\/\/topeletronicos.com.br\/index.php\/wp-json\/wp\/v2\/media\/2403"}],"wp:attachment":[{"href":"https:\/\/topeletronicos.com.br\/index.php\/wp-json\/wp\/v2\/media?parent=3219"}],"curies":[{"name":"wp","href":"https:\/\/api.w.org\/{rel}","templated":true}]}}