{"id":3220,"date":"2020-10-15T18:46:11","date_gmt":"2020-10-15T21:46:11","guid":{"rendered":"https:\/\/megaeletronicosjc.com.br\/index.php\/product\/fone-de-ouvido-relampago-ltomex\/"},"modified":"2020-10-15T18:49:06","modified_gmt":"2020-10-15T21:49:06","slug":"fone-de-ouvido-relampago-ltomex","status":"publish","type":"product","link":"https:\/\/topeletronicos.com.br\/index.php\/product\/fone-de-ouvido-relampago-ltomex\/","title":{"rendered":"Fone de ouvido Rel\u00e2mpago Ltomex"},"content":{"rendered":"<p>Voc\u00ea tem a op\u00e7\u00e3o de escolher como reproduzir as suas m\u00fasicas no formato Mp3 em alta qualidade via Bluetooth, atender (Alto Falante\/Microfone), e receber chamadas tefef\u00f4nicas sem fio.<\/p>\n<p>ESPECIFICA\u00c7\u00d5ES T\u00c9CNICAS:<br \/>\nVers\u00e3o Bluetooth: 4.1<br \/>\nDist\u00e2ncia M\u00e1xima de Transmiss\u00e3o: <=10M\nDura\u00e7\u00e3o de Bateria: 2h30m\nCarregamento Total: 40 minutos\nDC: 5V\n<\/p>\n","protected":false},"excerpt":{"rendered":"<p>Voc\u00ea tem a op\u00e7\u00e3o de escolher como reproduzir as suas m\u00fasicas no formato Mp3 em alta qualidade via Bluetooth, atender (Alto Falante\/Microfone), e receber chamadas tefef\u00f4nicas sem fio.<\/p>\n","protected":false},"featured_media":2404,"comment_status":"open","ping_status":"closed","template":"","meta":[],"_links":{"self":[{"href":"https:\/\/topeletronicos.com.br\/index.php\/wp-json\/wp\/v2\/product\/3220"}],"collection":[{"href":"https:\/\/topeletronicos.com.br\/index.php\/wp-json\/wp\/v2\/product"}],"about":[{"href":"https:\/\/topeletronicos.com.br\/index.php\/wp-json\/wp\/v2\/types\/product"}],"replies":[{"embeddable":true,"href":"https:\/\/topeletronicos.com.br\/index.php\/wp-json\/wp\/v2\/comments?post=3220"}],"version-history":[{"count":0,"href":"https:\/\/topeletronicos.com.br\/index.php\/wp-json\/wp\/v2\/product\/3220\/revisions"}],"wp:featuredmedia":[{"embeddable":true,"href":"https:\/\/topeletronicos.com.br\/index.php\/wp-json\/wp\/v2\/media\/2404"}],"wp:attachment":[{"href":"https:\/\/topeletronicos.com.br\/index.php\/wp-json\/wp\/v2\/media?parent=3220"}],"curies":[{"name":"wp","href":"https:\/\/api.w.org\/{rel}","templated":true}]}}