{"id":3221,"date":"2020-10-15T18:46:11","date_gmt":"2020-10-15T21:46:11","guid":{"rendered":"https:\/\/megaeletronicosjc.com.br\/index.php\/product\/power-bank-carregador-portatil-inova-5000mah-azul-pow1013\/"},"modified":"2020-10-15T18:49:06","modified_gmt":"2020-10-15T21:49:06","slug":"power-bank-carregador-portatil-inova-5000mah-azul-pow1013","status":"publish","type":"product","link":"https:\/\/topeletronicos.com.br\/index.php\/product\/power-bank-carregador-portatil-inova-5000mah-azul-pow1013\/","title":{"rendered":"Power Bank Carregador Portatil Inova 5000mah Azul &#8211; POW1013"},"content":{"rendered":"<p>CARACTER\u00cdSTICAS:<br \/>\nAutonomia: 2 recargas no celular \/ tablet (depende da capacidade da bateria)<br \/>\nCompatibilidade: qualquer dispositivo eletr\u00f4nico que carregue ou comporte USB<br \/>\nSeguran\u00e7a: Prote\u00e7\u00e3o contra sobrecarga, curto-circuito e Sobretens\u00e3o LED indicador de carga: Sim<\/p>\n","protected":false},"excerpt":{"rendered":"<p>Voc\u00ea j\u00e1 ficou sem seu aparelho eletr\u00f4nico preferido durante o dia por causa da bateria? Ent\u00e3o temos a solu\u00e7\u00e3o, com o carregador port\u00e1til Inova voc\u00ea poder\u00e1 carreg\u00e1-lo onde e quando quiser.<\/p>\n","protected":false},"featured_media":2405,"comment_status":"open","ping_status":"closed","template":"","meta":[],"_links":{"self":[{"href":"https:\/\/topeletronicos.com.br\/index.php\/wp-json\/wp\/v2\/product\/3221"}],"collection":[{"href":"https:\/\/topeletronicos.com.br\/index.php\/wp-json\/wp\/v2\/product"}],"about":[{"href":"https:\/\/topeletronicos.com.br\/index.php\/wp-json\/wp\/v2\/types\/product"}],"replies":[{"embeddable":true,"href":"https:\/\/topeletronicos.com.br\/index.php\/wp-json\/wp\/v2\/comments?post=3221"}],"version-history":[{"count":0,"href":"https:\/\/topeletronicos.com.br\/index.php\/wp-json\/wp\/v2\/product\/3221\/revisions"}],"wp:featuredmedia":[{"embeddable":true,"href":"https:\/\/topeletronicos.com.br\/index.php\/wp-json\/wp\/v2\/media\/2405"}],"wp:attachment":[{"href":"https:\/\/topeletronicos.com.br\/index.php\/wp-json\/wp\/v2\/media?parent=3221"}],"curies":[{"name":"wp","href":"https:\/\/api.w.org\/{rel}","templated":true}]}}