{"id":3222,"date":"2020-10-15T18:46:11","date_gmt":"2020-10-15T21:46:11","guid":{"rendered":"https:\/\/megaeletronicosjc.com.br\/index.php\/product\/fone-de-ouvido-bluetooth-atende-chamadas\/"},"modified":"2020-10-15T18:49:06","modified_gmt":"2020-10-15T21:49:06","slug":"fone-de-ouvido-bluetooth-atende-chamadas","status":"publish","type":"product","link":"https:\/\/topeletronicos.com.br\/index.php\/product\/fone-de-ouvido-bluetooth-atende-chamadas\/","title":{"rendered":"Fone de Ouvido Bluetooth &#8211; atende chamadas"},"content":{"rendered":"<p>\u00d3tima qualidade de voz, Mono, Chamadas telef\u00f4nicas, recep\u00e7\u00e3o de chamadas, aproximandamente 4:30 horas de uso cont\u00ednuo ou 80 horas de standby. Capta sinal at\u00e9 100 metros de dist\u00e2ncia.<\/p>\n","protected":false},"excerpt":{"rendered":"<p>\u00d3tima qualidade de voz, Mono, Chamadas telef\u00f4nicas, recep\u00e7\u00e3o de chamadas, aproximandamente 4:30 horas de uso cont\u00ednuo ou 80 horas de standby. Capta sinal at\u00e9 100 metros de dist\u00e2ncia.<\/p>\n","protected":false},"featured_media":2648,"comment_status":"open","ping_status":"closed","template":"","meta":[],"_links":{"self":[{"href":"https:\/\/topeletronicos.com.br\/index.php\/wp-json\/wp\/v2\/product\/3222"}],"collection":[{"href":"https:\/\/topeletronicos.com.br\/index.php\/wp-json\/wp\/v2\/product"}],"about":[{"href":"https:\/\/topeletronicos.com.br\/index.php\/wp-json\/wp\/v2\/types\/product"}],"replies":[{"embeddable":true,"href":"https:\/\/topeletronicos.com.br\/index.php\/wp-json\/wp\/v2\/comments?post=3222"}],"version-history":[{"count":0,"href":"https:\/\/topeletronicos.com.br\/index.php\/wp-json\/wp\/v2\/product\/3222\/revisions"}],"wp:featuredmedia":[{"embeddable":true,"href":"https:\/\/topeletronicos.com.br\/index.php\/wp-json\/wp\/v2\/media\/2648"}],"wp:attachment":[{"href":"https:\/\/topeletronicos.com.br\/index.php\/wp-json\/wp\/v2\/media?parent=3222"}],"curies":[{"name":"wp","href":"https:\/\/api.w.org\/{rel}","templated":true}]}}