{"id":3223,"date":"2020-10-15T18:46:11","date_gmt":"2020-10-15T21:46:11","guid":{"rendered":"https:\/\/megaeletronicosjc.com.br\/index.php\/product\/transmissor-fm-wirelles-veicular-a-mp38b\/"},"modified":"2020-10-15T18:49:06","modified_gmt":"2020-10-15T21:49:06","slug":"transmissor-fm-wirelles-veicular-a-mp38b","status":"publish","type":"product","link":"https:\/\/topeletronicos.com.br\/index.php\/product\/transmissor-fm-wirelles-veicular-a-mp38b\/","title":{"rendered":"Transmissor FM Wirelles Veicular  A-MP38B"},"content":{"rendered":"<p>Leitor MP3 com entrada para cart\u00e3o SD\/MMC\/TF, USB<br \/>\nEspecifica\u00e7\u00f5es T\u00e9cnicas:<br \/>\n&#8211; Compat\u00edvel com arquivos MP3<br \/>\n&#8211; L\u00ea m\u00fasicas diretamente do USB e do cart\u00e3o SD\/MMC\/TF<br \/>\n&#8211; Exibe frequ\u00eancia na tela LCD<br \/>\n&#8211; Transmite o sinal FM em todas as frequ\u00eancias (87.5 &#8211; 108 MHz)<br \/>\n&#8211; Design com eixo girat\u00f3rio, uso f\u00e1cil, se adapta em todas as posi\u00e7\u00f5es<br \/>\n&#8211; Tela LCD<\/p>\n","protected":false},"excerpt":{"rendered":"<p>Leitor MP3 com entrada para cart\u00e3o SD\/MMC\/TF, USB<\/p>\n","protected":false},"featured_media":2650,"comment_status":"open","ping_status":"closed","template":"","meta":[],"_links":{"self":[{"href":"https:\/\/topeletronicos.com.br\/index.php\/wp-json\/wp\/v2\/product\/3223"}],"collection":[{"href":"https:\/\/topeletronicos.com.br\/index.php\/wp-json\/wp\/v2\/product"}],"about":[{"href":"https:\/\/topeletronicos.com.br\/index.php\/wp-json\/wp\/v2\/types\/product"}],"replies":[{"embeddable":true,"href":"https:\/\/topeletronicos.com.br\/index.php\/wp-json\/wp\/v2\/comments?post=3223"}],"version-history":[{"count":0,"href":"https:\/\/topeletronicos.com.br\/index.php\/wp-json\/wp\/v2\/product\/3223\/revisions"}],"wp:featuredmedia":[{"embeddable":true,"href":"https:\/\/topeletronicos.com.br\/index.php\/wp-json\/wp\/v2\/media\/2650"}],"wp:attachment":[{"href":"https:\/\/topeletronicos.com.br\/index.php\/wp-json\/wp\/v2\/media?parent=3223"}],"curies":[{"name":"wp","href":"https:\/\/api.w.org\/{rel}","templated":true}]}}