{"id":3224,"date":"2020-10-15T18:46:11","date_gmt":"2020-10-15T21:46:11","guid":{"rendered":"https:\/\/megaeletronicosjc.com.br\/index.php\/product\/carregador-veicular-v3-para-gps\/"},"modified":"2020-10-15T18:49:06","modified_gmt":"2020-10-15T21:49:06","slug":"carregador-veicular-v3-para-gps","status":"publish","type":"product","link":"https:\/\/topeletronicos.com.br\/index.php\/product\/carregador-veicular-v3-para-gps\/","title":{"rendered":"Carregador Veicular V3 para GPS"},"content":{"rendered":"<p>Carregador veicular especial para GPS. Ideal para utilizar os aparelhos durante viagens mais longas, onde a autonomia da bateria n\u00e3o \u00e9 suficiente. Compat\u00edvel com entradas mini-USB. V3<\/p>\n","protected":false},"excerpt":{"rendered":"<p>Carregador veicular especial para GPS. Ideal para utilizar os aparelhos durante viagens mais longas, onde a autonomia da bateria n\u00e3o \u00e9 suficiente. Compat\u00edvel com entradas mini-USB. V3<\/p>\n","protected":false},"featured_media":2406,"comment_status":"open","ping_status":"closed","template":"","meta":[],"_links":{"self":[{"href":"https:\/\/topeletronicos.com.br\/index.php\/wp-json\/wp\/v2\/product\/3224"}],"collection":[{"href":"https:\/\/topeletronicos.com.br\/index.php\/wp-json\/wp\/v2\/product"}],"about":[{"href":"https:\/\/topeletronicos.com.br\/index.php\/wp-json\/wp\/v2\/types\/product"}],"replies":[{"embeddable":true,"href":"https:\/\/topeletronicos.com.br\/index.php\/wp-json\/wp\/v2\/comments?post=3224"}],"version-history":[{"count":0,"href":"https:\/\/topeletronicos.com.br\/index.php\/wp-json\/wp\/v2\/product\/3224\/revisions"}],"wp:featuredmedia":[{"embeddable":true,"href":"https:\/\/topeletronicos.com.br\/index.php\/wp-json\/wp\/v2\/media\/2406"}],"wp:attachment":[{"href":"https:\/\/topeletronicos.com.br\/index.php\/wp-json\/wp\/v2\/media?parent=3224"}],"curies":[{"name":"wp","href":"https:\/\/api.w.org\/{rel}","templated":true}]}}