{"id":3225,"date":"2020-10-15T18:46:11","date_gmt":"2020-10-15T21:46:11","guid":{"rendered":"https:\/\/megaeletronicosjc.com.br\/index.php\/product\/carregador-turbo-power-cabo-turbo-motorola\/"},"modified":"2020-10-15T18:49:06","modified_gmt":"2020-10-15T21:49:06","slug":"carregador-turbo-power-cabo-turbo-motorola","status":"publish","type":"product","link":"https:\/\/topeletronicos.com.br\/index.php\/product\/carregador-turbo-power-cabo-turbo-motorola\/","title":{"rendered":"Carregador Turbo Power + Cabo Turbo Motorola"},"content":{"rendered":"<p>Est\u00e1 cansado de viver comprando carregadores e nenhum ter uma boa durabilidade de tempo? Procura um carregador turbo de \u00f3tima qualidade?? N\u00f3s temos a op\u00e7\u00e3o certa para voc\u00ea!! D\u00ea uma carga completa em seu celular de maneira r\u00e1pida.<\/p>\n<p>O carregador Turbo da Motorola chegou para impressionar \u00e0 todos com a sua rapidez em dar uma carga completa em Smartphone.<\/p>\n<p>Saiba um pouco mais:<br \/>\n&#8211; Cabo turbo resistente de \u00f3tima qualidade<br \/>\n&#8211; Carregador turbo de \u00f3tima qualidade<br \/>\n&#8211; Carga completa r\u00e1pidamente<br \/>\n&#8211; Produto Novo<br \/>\n&#8211; Cabo turbo de 1 Metro <\/p>\n","protected":false},"excerpt":{"rendered":"<p>Cabo turbo resistente de \u00f3tima qualidade<br \/>\n&#8211; Carregador turbo de \u00f3tima qualidade<br \/>\n&#8211; Carga completa r\u00e1pidamente<br \/>\n&#8211; Produto Novo<br \/>\n&#8211; Cabo turbo de 1 Metro<\/p>\n","protected":false},"featured_media":2408,"comment_status":"open","ping_status":"closed","template":"","meta":[],"_links":{"self":[{"href":"https:\/\/topeletronicos.com.br\/index.php\/wp-json\/wp\/v2\/product\/3225"}],"collection":[{"href":"https:\/\/topeletronicos.com.br\/index.php\/wp-json\/wp\/v2\/product"}],"about":[{"href":"https:\/\/topeletronicos.com.br\/index.php\/wp-json\/wp\/v2\/types\/product"}],"replies":[{"embeddable":true,"href":"https:\/\/topeletronicos.com.br\/index.php\/wp-json\/wp\/v2\/comments?post=3225"}],"version-history":[{"count":0,"href":"https:\/\/topeletronicos.com.br\/index.php\/wp-json\/wp\/v2\/product\/3225\/revisions"}],"wp:featuredmedia":[{"embeddable":true,"href":"https:\/\/topeletronicos.com.br\/index.php\/wp-json\/wp\/v2\/media\/2408"}],"wp:attachment":[{"href":"https:\/\/topeletronicos.com.br\/index.php\/wp-json\/wp\/v2\/media?parent=3225"}],"curies":[{"name":"wp","href":"https:\/\/api.w.org\/{rel}","templated":true}]}}