{"id":3228,"date":"2020-10-15T18:46:12","date_gmt":"2020-10-15T21:46:12","guid":{"rendered":"https:\/\/megaeletronicosjc.com.br\/index.php\/product\/carregador-turbo-motorola\/"},"modified":"2020-10-15T18:49:06","modified_gmt":"2020-10-15T21:49:06","slug":"carregador-turbo-motorola","status":"publish","type":"product","link":"https:\/\/topeletronicos.com.br\/index.php\/product\/carregador-turbo-motorola\/","title":{"rendered":"Carregador Turbo Motorola"},"content":{"rendered":"<p>Carregador Turbo Motorola..Bivolt: 100\/240V..Compat\u00edvel com todos aparelhos com entrada micro usb&#8230;Incluso:..Carregador Turbo Motorola.Cabo de dados USB&#8230;OBS:..Carregamento turbo para disposit\u00edvos compat\u00edveis que possuem esta fun\u00e7\u00e3o..Carrega qualquer aparelho que tenha entra micro usb, mesmo que o aparelho n\u00e3o tiver a fun\u00e7\u00e3o turbo.vai carregar mais r\u00e1pido que o normal. Em torno de 1 a 2 hrs. Poder\u00e1 se informar sobre.a compatibilidade de seu aparelho se possui fun\u00e7\u00e3o turbo pelo manual ou pelo google.<\/p>\n","protected":false},"excerpt":{"rendered":"<p>Carrega qualquer aparelho que tenha entra micro usb, mesmo que o aparelho n\u00e3o tiver a fun\u00e7\u00e3o turbo.vai carregar mais r\u00e1pido que o normal. Em torno de 1 a 2 hrs.<\/p>\n","protected":false},"featured_media":2657,"comment_status":"open","ping_status":"closed","template":"","meta":[],"_links":{"self":[{"href":"https:\/\/topeletronicos.com.br\/index.php\/wp-json\/wp\/v2\/product\/3228"}],"collection":[{"href":"https:\/\/topeletronicos.com.br\/index.php\/wp-json\/wp\/v2\/product"}],"about":[{"href":"https:\/\/topeletronicos.com.br\/index.php\/wp-json\/wp\/v2\/types\/product"}],"replies":[{"embeddable":true,"href":"https:\/\/topeletronicos.com.br\/index.php\/wp-json\/wp\/v2\/comments?post=3228"}],"version-history":[{"count":0,"href":"https:\/\/topeletronicos.com.br\/index.php\/wp-json\/wp\/v2\/product\/3228\/revisions"}],"wp:featuredmedia":[{"embeddable":true,"href":"https:\/\/topeletronicos.com.br\/index.php\/wp-json\/wp\/v2\/media\/2657"}],"wp:attachment":[{"href":"https:\/\/topeletronicos.com.br\/index.php\/wp-json\/wp\/v2\/media?parent=3228"}],"curies":[{"name":"wp","href":"https:\/\/api.w.org\/{rel}","templated":true}]}}