{"id":3230,"date":"2020-10-15T18:46:12","date_gmt":"2020-10-15T21:46:12","guid":{"rendered":"https:\/\/megaeletronicosjc.com.br\/index.php\/product\/carregador-motorola-turbo-power-30-usb-universal-26-5w\/"},"modified":"2020-10-15T18:49:06","modified_gmt":"2020-10-15T21:49:06","slug":"carregador-motorola-turbo-power-30-usb-universal-26-5w","status":"publish","type":"product","link":"https:\/\/topeletronicos.com.br\/index.php\/product\/carregador-motorola-turbo-power-30-usb-universal-26-5w\/","title":{"rendered":"Carregador Motorola Turbo Power 30 Usb Universal 26.5w"},"content":{"rendered":"<p>O carregador Turbo Motorola (Motorola Turbo Charger) foi desenvolvido com tecnologia Qualcomm Quick Charge 3.0, que possibilita at\u00e9 8 horas adicionais de uso, com apenas 15 minutos de carregamento.<\/p>\n<p>\u00c9 compat\u00edvel com tablets e smartphones Motorola, e tamb\u00e9m com aparelhos de todas as marcas e modelos.<\/p>\n","protected":false},"excerpt":{"rendered":"<p>\u00c9  compat\u00edvel com tablets e smartphones Motorola, e tamb\u00e9m com aparelhos de todas as marcas e modelos.<\/p>\n","protected":false},"featured_media":2411,"comment_status":"open","ping_status":"closed","template":"","meta":[],"_links":{"self":[{"href":"https:\/\/topeletronicos.com.br\/index.php\/wp-json\/wp\/v2\/product\/3230"}],"collection":[{"href":"https:\/\/topeletronicos.com.br\/index.php\/wp-json\/wp\/v2\/product"}],"about":[{"href":"https:\/\/topeletronicos.com.br\/index.php\/wp-json\/wp\/v2\/types\/product"}],"replies":[{"embeddable":true,"href":"https:\/\/topeletronicos.com.br\/index.php\/wp-json\/wp\/v2\/comments?post=3230"}],"version-history":[{"count":0,"href":"https:\/\/topeletronicos.com.br\/index.php\/wp-json\/wp\/v2\/product\/3230\/revisions"}],"wp:featuredmedia":[{"embeddable":true,"href":"https:\/\/topeletronicos.com.br\/index.php\/wp-json\/wp\/v2\/media\/2411"}],"wp:attachment":[{"href":"https:\/\/topeletronicos.com.br\/index.php\/wp-json\/wp\/v2\/media?parent=3230"}],"curies":[{"name":"wp","href":"https:\/\/api.w.org\/{rel}","templated":true}]}}