{"id":3233,"date":"2020-10-15T18:46:12","date_gmt":"2020-10-15T21:46:12","guid":{"rendered":"https:\/\/megaeletronicosjc.com.br\/index.php\/product\/cabo-otg-type-c-pendrive-usb-femea-celular-smatphone\/"},"modified":"2020-10-15T18:49:06","modified_gmt":"2020-10-15T21:49:06","slug":"cabo-otg-type-c-pendrive-usb-femea-celular-smatphone","status":"publish","type":"product","link":"https:\/\/topeletronicos.com.br\/index.php\/product\/cabo-otg-type-c-pendrive-usb-femea-celular-smatphone\/","title":{"rendered":"Cabo Otg Type C Pendrive Usb F\u00eamea Celular Smatphone"},"content":{"rendered":"<p>Com o Cabo Adaptador Celular OTG Modelo S-K09 ficou mais f\u00e1cil passar fotos, v\u00eddeos e outros arquivos para o seu celular. Com ele \u00e9 poss\u00edvel conectar mouse, c\u00e2mera, teclado, pendrive e outros acess\u00f3rios ao seu aparelho.<\/p>\n","protected":false},"excerpt":{"rendered":"<p>Microfone para atender chamadas telef\u00f4nicas<\/p>\n","protected":false},"featured_media":2664,"comment_status":"open","ping_status":"closed","template":"","meta":[],"_links":{"self":[{"href":"https:\/\/topeletronicos.com.br\/index.php\/wp-json\/wp\/v2\/product\/3233"}],"collection":[{"href":"https:\/\/topeletronicos.com.br\/index.php\/wp-json\/wp\/v2\/product"}],"about":[{"href":"https:\/\/topeletronicos.com.br\/index.php\/wp-json\/wp\/v2\/types\/product"}],"replies":[{"embeddable":true,"href":"https:\/\/topeletronicos.com.br\/index.php\/wp-json\/wp\/v2\/comments?post=3233"}],"version-history":[{"count":0,"href":"https:\/\/topeletronicos.com.br\/index.php\/wp-json\/wp\/v2\/product\/3233\/revisions"}],"wp:featuredmedia":[{"embeddable":true,"href":"https:\/\/topeletronicos.com.br\/index.php\/wp-json\/wp\/v2\/media\/2664"}],"wp:attachment":[{"href":"https:\/\/topeletronicos.com.br\/index.php\/wp-json\/wp\/v2\/media?parent=3233"}],"curies":[{"name":"wp","href":"https:\/\/api.w.org\/{rel}","templated":true}]}}