{"id":3239,"date":"2020-10-15T18:46:15","date_gmt":"2020-10-15T21:46:15","guid":{"rendered":"https:\/\/megaeletronicosjc.com.br\/index.php\/product\/cabo-auxiliar-h-maston-p2-p2\/"},"modified":"2020-10-15T18:49:07","modified_gmt":"2020-10-15T21:49:07","slug":"cabo-auxiliar-h-maston-p2-p2","status":"publish","type":"product","link":"https:\/\/topeletronicos.com.br\/index.php\/product\/cabo-auxiliar-h-maston-p2-p2\/","title":{"rendered":"Cabo Auxiliar H Maston P2 P2"},"content":{"rendered":"<p>A Marca N\u00ba 1 em Acess\u00f3rios para Smartphones do Mundo<\/p>\n<p>Ideal para reprodutores de \u00e1udio e MP3 Players, computadores, notebooks ou televisores, celulares, som automotivo, entrada e sa\u00edda AUX P2<\/p>\n<p>Cabo P2 P2 Blindado Macho X Macho 2,00 Metros Profissional<\/p>\n<p>Performance Sound H&#8217;Maston<\/p>\n<p>Cabo P2 Est\u00e9reo X P2 Est\u00e9reo (Padr\u00e3o 3.5mm) 2 Metros<\/p>\n<p>Resist\u00eancia e durabilidade<\/p>\n<p>At\u00e9 2 Metros<\/p>\n","protected":false},"excerpt":{"rendered":"<p>Conector de entrada: 2<br \/>\nConector de sa\u00edda: 2<br \/>\nComprimento do cabo: 2 m<br \/>\nQuantidade de conectores de entrada: 2<br \/>\nQuantidade de conectores de sa\u00edda: 2<\/p>\n","protected":false},"featured_media":2420,"comment_status":"open","ping_status":"closed","template":"","meta":[],"_links":{"self":[{"href":"https:\/\/topeletronicos.com.br\/index.php\/wp-json\/wp\/v2\/product\/3239"}],"collection":[{"href":"https:\/\/topeletronicos.com.br\/index.php\/wp-json\/wp\/v2\/product"}],"about":[{"href":"https:\/\/topeletronicos.com.br\/index.php\/wp-json\/wp\/v2\/types\/product"}],"replies":[{"embeddable":true,"href":"https:\/\/topeletronicos.com.br\/index.php\/wp-json\/wp\/v2\/comments?post=3239"}],"version-history":[{"count":0,"href":"https:\/\/topeletronicos.com.br\/index.php\/wp-json\/wp\/v2\/product\/3239\/revisions"}],"wp:featuredmedia":[{"embeddable":true,"href":"https:\/\/topeletronicos.com.br\/index.php\/wp-json\/wp\/v2\/media\/2420"}],"wp:attachment":[{"href":"https:\/\/topeletronicos.com.br\/index.php\/wp-json\/wp\/v2\/media?parent=3239"}],"curies":[{"name":"wp","href":"https:\/\/api.w.org\/{rel}","templated":true}]}}