{"id":3241,"date":"2020-10-15T18:46:15","date_gmt":"2020-10-15T21:46:15","guid":{"rendered":"https:\/\/megaeletronicosjc.com.br\/index.php\/product\/fonte-carregador-universal-9-pinos-notebook\/"},"modified":"2020-10-15T18:49:07","modified_gmt":"2020-10-15T21:49:07","slug":"fonte-carregador-universal-9-pinos-notebook","status":"publish","type":"product","link":"https:\/\/topeletronicos.com.br\/index.php\/product\/fonte-carregador-universal-9-pinos-notebook\/","title":{"rendered":"Fonte Carregador Universal 9 Pinos Notebook"},"content":{"rendered":"<p>Fonte Carregador Universal de Notebook Ultrabook Laptop Computador PC Regul\u00e1vel 12v &#8211; 24v 120w Bivolt (110v\/220v) com 9 Pinos para Conex\u00e3o Compat\u00edvel com Diversas Marcas e Modelos.<\/p>\n<p>A Fonte Universal Notebook da YDTECH \u00e9 perfeita para o seu Notebook, sendo compat\u00edvel com diversas marcas. Voc\u00ea pode lev\u00e1-la sempre que precisar usar o computador, notebook, laptop fora de casa, e ainda ajudar aquele amigo que teve a fonte queimada e n\u00e3o sabe onde encontrar uma para seu notebook. Essa \u00e9 a solu\u00e7\u00e3o perfeita para seus probl<\/p>\n","protected":false},"excerpt":{"rendered":"<p>Voltagem de entrada: AC 110-240V (Bi-volt)<br \/>\n&#8211; Freq\u00fc\u00eancia: 50\/60hz<br \/>\n&#8211; Corrente de entrada: 1.3A M\u00e1ximo<br \/>\n&#8211; Voltagem de sa\u00edda: 12v \/15v \/ 16v \/ 18v \/ 19v \/ 20v 4.5A M\u00e1ximo.<br \/>\n&#8211; Prote\u00e7\u00e3o de sobrecarga: Sim<br \/>\n&#8211; Prote\u00e7\u00e3o de curto-circuito: Sim<br \/>\n&#8211; Potencia de sa\u00edda: 120 w M\u00e1ximo Seguintes voltagens: 12v\/ 15v \/16v \/ 18v \/ 19v \/ 20v \/ 22v e 24v<br \/>\n&#8211; Compat\u00edvel com a maioria dos notebooks do mercado possui 9 tipos de conectores.<\/p>\n","protected":false},"featured_media":2421,"comment_status":"open","ping_status":"closed","template":"","meta":[],"_links":{"self":[{"href":"https:\/\/topeletronicos.com.br\/index.php\/wp-json\/wp\/v2\/product\/3241"}],"collection":[{"href":"https:\/\/topeletronicos.com.br\/index.php\/wp-json\/wp\/v2\/product"}],"about":[{"href":"https:\/\/topeletronicos.com.br\/index.php\/wp-json\/wp\/v2\/types\/product"}],"replies":[{"embeddable":true,"href":"https:\/\/topeletronicos.com.br\/index.php\/wp-json\/wp\/v2\/comments?post=3241"}],"version-history":[{"count":0,"href":"https:\/\/topeletronicos.com.br\/index.php\/wp-json\/wp\/v2\/product\/3241\/revisions"}],"wp:featuredmedia":[{"embeddable":true,"href":"https:\/\/topeletronicos.com.br\/index.php\/wp-json\/wp\/v2\/media\/2421"}],"wp:attachment":[{"href":"https:\/\/topeletronicos.com.br\/index.php\/wp-json\/wp\/v2\/media?parent=3241"}],"curies":[{"name":"wp","href":"https:\/\/api.w.org\/{rel}","templated":true}]}}