{"id":3243,"date":"2020-10-15T18:46:15","date_gmt":"2020-10-15T21:46:15","guid":{"rendered":"https:\/\/megaeletronicosjc.com.br\/index.php\/product\/adaptador-leitor-usb-cartao-microsd-micro-sd-2-0-original\/"},"modified":"2021-06-22T09:38:08","modified_gmt":"2021-06-22T12:38:08","slug":"adaptador-leitor-usb-cartao-microsd-micro-sd-2-0-original","status":"publish","type":"product","link":"https:\/\/topeletronicos.com.br\/index.php\/product\/adaptador-leitor-usb-cartao-microsd-micro-sd-2-0-original\/","title":{"rendered":"Adaptador Leitor Usb Cart\u00e3o Microsd Micro Sd 2.0 Original"},"content":{"rendered":"<p>Leitor Usb Cart\u00e3o Micro Sd Classe 4 e 10 Adaptador Pendrive Microsd<\/p>\n","protected":false},"excerpt":{"rendered":"<p>F\u00e1cil de instalar e usar<br \/>\nAlimentada diretamente pela porta USB<br \/>\nLeitor de cart\u00e3o \u00fanico, pequeno e f\u00e1cil de transportar<br \/>\nVem com uma cordinha para prende<\/p>\n","protected":false},"featured_media":2423,"comment_status":"open","ping_status":"closed","template":"","meta":[],"_links":{"self":[{"href":"https:\/\/topeletronicos.com.br\/index.php\/wp-json\/wp\/v2\/product\/3243"}],"collection":[{"href":"https:\/\/topeletronicos.com.br\/index.php\/wp-json\/wp\/v2\/product"}],"about":[{"href":"https:\/\/topeletronicos.com.br\/index.php\/wp-json\/wp\/v2\/types\/product"}],"replies":[{"embeddable":true,"href":"https:\/\/topeletronicos.com.br\/index.php\/wp-json\/wp\/v2\/comments?post=3243"}],"version-history":[{"count":1,"href":"https:\/\/topeletronicos.com.br\/index.php\/wp-json\/wp\/v2\/product\/3243\/revisions"}],"predecessor-version":[{"id":13285,"href":"https:\/\/topeletronicos.com.br\/index.php\/wp-json\/wp\/v2\/product\/3243\/revisions\/13285"}],"wp:featuredmedia":[{"embeddable":true,"href":"https:\/\/topeletronicos.com.br\/index.php\/wp-json\/wp\/v2\/media\/2423"}],"wp:attachment":[{"href":"https:\/\/topeletronicos.com.br\/index.php\/wp-json\/wp\/v2\/media?parent=3243"}],"curies":[{"name":"wp","href":"https:\/\/api.w.org\/{rel}","templated":true}]}}