{"id":3246,"date":"2020-10-15T18:46:16","date_gmt":"2020-10-15T21:46:16","guid":{"rendered":"https:\/\/megaeletronicosjc.com.br\/index.php\/product\/suporte-de-mesa-universal-celular-tablet-smartphone-nfe\/"},"modified":"2020-10-15T18:49:08","modified_gmt":"2020-10-15T21:49:08","slug":"suporte-de-mesa-universal-celular-tablet-smartphone-nfe","status":"publish","type":"product","link":"https:\/\/topeletronicos.com.br\/index.php\/product\/suporte-de-mesa-universal-celular-tablet-smartphone-nfe\/","title":{"rendered":"Suporte De Mesa Universal Celular Tablet Smartphone + Nfe"},"content":{"rendered":"<p>Suporte de Mesa Universal para Smartphone Tablet Celular<\/p>\n<p>Perfeito para quem gosta de assistir v\u00eddeos, deixar o aparelho carregando ou apenas para n\u00e3o deix\u00e1-lo jogado em cima da mesa!<\/p>\n","protected":false},"excerpt":{"rendered":"<p>Regulagem de Inclina\u00e7\u00e3o<\/p>\n<p>&#8211; Antiderrapante<\/p>\n<p>&#8211; Material: Pl\u00e1stico<\/p>\n<p>&#8211; Dimens\u00f5es do produto: 10 x 9 x 2<\/p>\n<p>&#8211; Garantia de 1 ano<\/p>\n<p>&#8211; Suporte de Mesa VexStand<\/p>\n","protected":false},"featured_media":2426,"comment_status":"open","ping_status":"closed","template":"","meta":[],"_links":{"self":[{"href":"https:\/\/topeletronicos.com.br\/index.php\/wp-json\/wp\/v2\/product\/3246"}],"collection":[{"href":"https:\/\/topeletronicos.com.br\/index.php\/wp-json\/wp\/v2\/product"}],"about":[{"href":"https:\/\/topeletronicos.com.br\/index.php\/wp-json\/wp\/v2\/types\/product"}],"replies":[{"embeddable":true,"href":"https:\/\/topeletronicos.com.br\/index.php\/wp-json\/wp\/v2\/comments?post=3246"}],"version-history":[{"count":0,"href":"https:\/\/topeletronicos.com.br\/index.php\/wp-json\/wp\/v2\/product\/3246\/revisions"}],"wp:featuredmedia":[{"embeddable":true,"href":"https:\/\/topeletronicos.com.br\/index.php\/wp-json\/wp\/v2\/media\/2426"}],"wp:attachment":[{"href":"https:\/\/topeletronicos.com.br\/index.php\/wp-json\/wp\/v2\/media?parent=3246"}],"curies":[{"name":"wp","href":"https:\/\/api.w.org\/{rel}","templated":true}]}}