{"id":3250,"date":"2020-10-15T18:46:16","date_gmt":"2020-10-15T21:46:16","guid":{"rendered":"https:\/\/megaeletronicosjc.com.br\/index.php\/product\/rastreador-gps-anti-perda-bluetooth-celular-chave-c-bateria-inova\/"},"modified":"2020-10-15T18:49:08","modified_gmt":"2020-10-15T21:49:08","slug":"rastreador-gps-anti-perda-bluetooth-celular-chave-c-bateria-inova","status":"publish","type":"product","link":"https:\/\/topeletronicos.com.br\/index.php\/product\/rastreador-gps-anti-perda-bluetooth-celular-chave-c-bateria-inova\/","title":{"rendered":"Rastreador GPS Anti Perda bluetooth celular chave c\/ bateria Inova"},"content":{"rendered":"<p>ITag \u00e9 um mini rastreador inteligente que funciona atrav\u00e9s do aplicativo Itracing. Com o ITag voc\u00ea encontrar\u00e1 facilmente objetos pessoais perdidos, como chaves, carteira, bolsa, aparelho celular e outros pertences valiosos. Atrav\u00e9s do ITag voc\u00ea conseguir\u00e1 visualizar no mapa a \u00faltima localiza\u00e7\u00e3o do seu objeto perdido, ajudando-o a facilmente ser encontrado. Com a fun\u00e7\u00e3o anti perda, sempre que voc\u00ea afastar a uma dist\u00e2ncia maior que 10 metros um alarme ser\u00e1 acionado. <\/p>\n","protected":false},"excerpt":{"rendered":"<p>Com o ITag voc\u00ea encontrar\u00e1 facilmente objetos pessoais perdidos, como chaves, carteira, bolsa, aparelho celular e outros pertences valiosos. <\/p>\n","protected":false},"featured_media":2685,"comment_status":"open","ping_status":"closed","template":"","meta":[],"_links":{"self":[{"href":"https:\/\/topeletronicos.com.br\/index.php\/wp-json\/wp\/v2\/product\/3250"}],"collection":[{"href":"https:\/\/topeletronicos.com.br\/index.php\/wp-json\/wp\/v2\/product"}],"about":[{"href":"https:\/\/topeletronicos.com.br\/index.php\/wp-json\/wp\/v2\/types\/product"}],"replies":[{"embeddable":true,"href":"https:\/\/topeletronicos.com.br\/index.php\/wp-json\/wp\/v2\/comments?post=3250"}],"version-history":[{"count":0,"href":"https:\/\/topeletronicos.com.br\/index.php\/wp-json\/wp\/v2\/product\/3250\/revisions"}],"wp:featuredmedia":[{"embeddable":true,"href":"https:\/\/topeletronicos.com.br\/index.php\/wp-json\/wp\/v2\/media\/2685"}],"wp:attachment":[{"href":"https:\/\/topeletronicos.com.br\/index.php\/wp-json\/wp\/v2\/media?parent=3250"}],"curies":[{"name":"wp","href":"https:\/\/api.w.org\/{rel}","templated":true}]}}