{"id":3251,"date":"2020-10-15T18:46:16","date_gmt":"2020-10-15T21:46:16","guid":{"rendered":"https:\/\/megaeletronicosjc.com.br\/index.php\/product\/adaptador-bluetooth-receptor-wireless-usb-musica-carro-p2\/"},"modified":"2021-06-22T09:36:52","modified_gmt":"2021-06-22T12:36:52","slug":"adaptador-bluetooth-receptor-wireless-usb-musica-carro-p2","status":"publish","type":"product","link":"https:\/\/topeletronicos.com.br\/index.php\/product\/adaptador-bluetooth-receptor-wireless-usb-musica-carro-p2\/","title":{"rendered":"Adaptador Bluetooth Receptor Wireless Usb Musica Carro P2"},"content":{"rendered":"<p>Permite Transmitir \u00c1udio Ou Video Via Bluetooth Ou P2 Para Qualquer Equipamento De Som Veicular<br \/>\n-Pode Ser Utilizado Para Trasmintir Som Do Celular, Computador, Notebook \u00c1 Uma Dist\u00e2ncia De At\u00e9 10 Metros Sem Fio<br \/>\n-Conecta Em Qualquer Dispositivo Com Entrada Aux In Port 3.5<br \/>\n&#8211; Escute Suas M\u00fasicas Sem Fio E Com \u00c1udio De Qualidade;<br \/>\n&#8211; Suas Chamadas Diretamente No Som De Seu Carro;<br \/>\n&#8211; Super F\u00e1cil De Manusear;<br \/>\n&#8211; Use Em Qualquer Dispositivo De \u00c1udio Com Usb E P2 (Som Veicular \/ Micro System \/ Pc \/ Notebook \/ Etc)<\/p>\n","protected":false},"excerpt":{"rendered":"<p>O Receptor Tamb\u00e9m Possui A Fun\u00e7\u00e3o De Kit Viva Voz, Transferindo A Chamada Para O Som De Seu Carro Ou Casa, E Com Seu Microfone Embutido \u00c9 Poss\u00edvel Conversar Sem Estar Com O Celular Na M\u00e3o.<\/p>\n","protected":false},"featured_media":2432,"comment_status":"open","ping_status":"closed","template":"","meta":[],"_links":{"self":[{"href":"https:\/\/topeletronicos.com.br\/index.php\/wp-json\/wp\/v2\/product\/3251"}],"collection":[{"href":"https:\/\/topeletronicos.com.br\/index.php\/wp-json\/wp\/v2\/product"}],"about":[{"href":"https:\/\/topeletronicos.com.br\/index.php\/wp-json\/wp\/v2\/types\/product"}],"replies":[{"embeddable":true,"href":"https:\/\/topeletronicos.com.br\/index.php\/wp-json\/wp\/v2\/comments?post=3251"}],"version-history":[{"count":2,"href":"https:\/\/topeletronicos.com.br\/index.php\/wp-json\/wp\/v2\/product\/3251\/revisions"}],"predecessor-version":[{"id":13284,"href":"https:\/\/topeletronicos.com.br\/index.php\/wp-json\/wp\/v2\/product\/3251\/revisions\/13284"}],"wp:featuredmedia":[{"embeddable":true,"href":"https:\/\/topeletronicos.com.br\/index.php\/wp-json\/wp\/v2\/media\/2432"}],"wp:attachment":[{"href":"https:\/\/topeletronicos.com.br\/index.php\/wp-json\/wp\/v2\/media?parent=3251"}],"curies":[{"name":"wp","href":"https:\/\/api.w.org\/{rel}","templated":true}]}}