{"id":3265,"date":"2020-10-15T18:46:18","date_gmt":"2020-10-15T21:46:18","guid":{"rendered":"https:\/\/megaeletronicosjc.com.br\/index.php\/product\/car-bluetooth-ouvir-musicas-bluetooth-no-radio-do-carro\/"},"modified":"2020-10-15T18:49:08","modified_gmt":"2020-10-15T21:49:08","slug":"car-bluetooth-ouvir-musicas-bluetooth-no-radio-do-carro","status":"publish","type":"product","link":"https:\/\/topeletronicos.com.br\/index.php\/product\/car-bluetooth-ouvir-musicas-bluetooth-no-radio-do-carro\/","title":{"rendered":"Car Bluetooth Ouvir Musicas Bluetooth No R\u00e1dio Do Carro"},"content":{"rendered":"<p>Ele se conecta \u00e0 porta AUX em seu carro para permitir que o sistema de som do seu carro transmita \u00e1udio de smartphones de forma sem fio. Ele se conecta automaticamente ao seu smartphone uma vez que ele est\u00e1 ligado. Com uma carga total, oferece at\u00e9 8 horas de tempo de reprodu\u00e7\u00e3o. Al\u00e9m disso, o modo de suspens\u00e3o economiza a energia enquanto n\u00e3o estiver dentro do alcance. Al\u00e9m disso, este receptor Bluetooth tamb\u00e9m foi projetado para funcionar com est\u00e9reo dom\u00e9stico, alto-falantes, fones de ouvido, etc. por tomada de entrada est\u00e9reo de 3,5 mm. \u00c9 compat\u00edvel com todos os iPhones, todos os iPads, dispositivos Android e outros smartphones que sejam perfil A2DP Bluetooth.<\/p>\n","protected":false},"excerpt":{"rendered":"<p>Suporta m\u00e3os livres, pode conectar o microfone e atender a chamada do telefone atrav\u00e9s do receptor Bluetooth<br \/>\n&#8211; Modo de suspens\u00e3o para poupar energia<br \/>\n&#8211; Compat\u00edvel com est\u00e9reo \/ falantes dom\u00e9sticos, aparelhos de som, fones de ouvido<br \/>\n&#8211; Suporta iPhone, telefones Android, outros telefones inteligentes que suportam o perfil Bluetooth A2DP.<\/p>\n","protected":false},"featured_media":2447,"comment_status":"open","ping_status":"closed","template":"","meta":[],"_links":{"self":[{"href":"https:\/\/topeletronicos.com.br\/index.php\/wp-json\/wp\/v2\/product\/3265"}],"collection":[{"href":"https:\/\/topeletronicos.com.br\/index.php\/wp-json\/wp\/v2\/product"}],"about":[{"href":"https:\/\/topeletronicos.com.br\/index.php\/wp-json\/wp\/v2\/types\/product"}],"replies":[{"embeddable":true,"href":"https:\/\/topeletronicos.com.br\/index.php\/wp-json\/wp\/v2\/comments?post=3265"}],"version-history":[{"count":0,"href":"https:\/\/topeletronicos.com.br\/index.php\/wp-json\/wp\/v2\/product\/3265\/revisions"}],"wp:featuredmedia":[{"embeddable":true,"href":"https:\/\/topeletronicos.com.br\/index.php\/wp-json\/wp\/v2\/media\/2447"}],"wp:attachment":[{"href":"https:\/\/topeletronicos.com.br\/index.php\/wp-json\/wp\/v2\/media?parent=3265"}],"curies":[{"name":"wp","href":"https:\/\/api.w.org\/{rel}","templated":true}]}}