{"id":3266,"date":"2020-10-15T18:46:18","date_gmt":"2020-10-15T21:46:18","guid":{"rendered":"https:\/\/megaeletronicosjc.com.br\/index.php\/product\/fone-com-microfone-gamer-headset-para-xbox360\/"},"modified":"2020-10-15T18:49:09","modified_gmt":"2020-10-15T21:49:09","slug":"fone-com-microfone-gamer-headset-para-xbox360","status":"publish","type":"product","link":"https:\/\/topeletronicos.com.br\/index.php\/product\/fone-com-microfone-gamer-headset-para-xbox360\/","title":{"rendered":"Fone Com Microfone Gamer Headset Para Xbox360"},"content":{"rendered":"<p>Promove a experi\u00eancia On-line do live Xbox sem precedentes na hist\u00f3ria, permitem elaborar a estrat\u00e9gia com membro da equipe enquanto voc\u00ea esta jogando com seus jogos favoritos<br \/>\nVoc\u00ea pode fazer servidor para gravar mensagens para amigos ou fam\u00edlia, tamb\u00e9m pode salvar contato.<br \/>\nAjustar volume<br \/>\nO microfone refor\u00e7a a fun\u00e7\u00e3o e pode obter a melhor qualidade de som.<br \/>\nO controle de volume e fun\u00e7\u00e3o de sil\u00eancio permite ao cliente regular o volume do headfone ou o modo de sil\u00eancio.<br \/>\nO headset consegue filtrar os barulhos e oferece claro ambiente para conversas<\/p>\n","protected":false},"excerpt":{"rendered":"<p>Promove a experi\u00eancia On-line do live Xbox sem precedentes na hist\u00f3ria, permitem elaborar a estrat\u00e9gia com membro da equipe enquanto voc\u00ea esta jogando com seus jogos favoritos<\/p>\n","protected":false},"featured_media":2704,"comment_status":"open","ping_status":"closed","template":"","meta":[],"_links":{"self":[{"href":"https:\/\/topeletronicos.com.br\/index.php\/wp-json\/wp\/v2\/product\/3266"}],"collection":[{"href":"https:\/\/topeletronicos.com.br\/index.php\/wp-json\/wp\/v2\/product"}],"about":[{"href":"https:\/\/topeletronicos.com.br\/index.php\/wp-json\/wp\/v2\/types\/product"}],"replies":[{"embeddable":true,"href":"https:\/\/topeletronicos.com.br\/index.php\/wp-json\/wp\/v2\/comments?post=3266"}],"version-history":[{"count":0,"href":"https:\/\/topeletronicos.com.br\/index.php\/wp-json\/wp\/v2\/product\/3266\/revisions"}],"wp:featuredmedia":[{"embeddable":true,"href":"https:\/\/topeletronicos.com.br\/index.php\/wp-json\/wp\/v2\/media\/2704"}],"wp:attachment":[{"href":"https:\/\/topeletronicos.com.br\/index.php\/wp-json\/wp\/v2\/media?parent=3266"}],"curies":[{"name":"wp","href":"https:\/\/api.w.org\/{rel}","templated":true}]}}