{"id":3268,"date":"2020-10-15T18:46:19","date_gmt":"2020-10-15T21:46:19","guid":{"rendered":"https:\/\/megaeletronicosjc.com.br\/index.php\/product\/fone-de-ouvido-sem-fio-jbl-jb950\/"},"modified":"2020-10-15T18:49:09","modified_gmt":"2020-10-15T21:49:09","slug":"fone-de-ouvido-sem-fio-jbl-jb950","status":"publish","type":"product","link":"https:\/\/topeletronicos.com.br\/index.php\/product\/fone-de-ouvido-sem-fio-jbl-jb950\/","title":{"rendered":"Fone de ouvido sem fio JBL JB950"},"content":{"rendered":"<p>Na rua, no \u00f4nibus ou no escrit\u00f3rio, tenha sempre seus fones de ouvido JBL \u00e0 m\u00e3o e afaste-se da rotina por um tempo! Voc\u00ea poder\u00e1 apreciar a m\u00fasica que mais gosta e seus podcasts favoritos quando e onde quiser.<\/p>\n<p>O formato perfeito para voc\u00ea<br \/>\nO desenho over-ear oferece um conforto imbat\u00edvel gra\u00e7as \u00e0s suas almofadas. Ao mesmo tempo, seu som surround do mais alto n\u00edvel se torna o protagonista da cena.<\/p>\n","protected":false},"excerpt":{"rendered":"<p>Na rua, no \u00f4nibus ou no escrit\u00f3rio, tenha sempre seus fones de ouvido JBL \u00e0 m\u00e3o e afaste-se da rotina por um tempo! Voc\u00ea poder\u00e1 apreciar a m\u00fasica que mais gosta e seus podcasts favoritos quando e onde quiser.<\/p>\n","protected":false},"featured_media":2707,"comment_status":"open","ping_status":"closed","template":"","meta":[],"_links":{"self":[{"href":"https:\/\/topeletronicos.com.br\/index.php\/wp-json\/wp\/v2\/product\/3268"}],"collection":[{"href":"https:\/\/topeletronicos.com.br\/index.php\/wp-json\/wp\/v2\/product"}],"about":[{"href":"https:\/\/topeletronicos.com.br\/index.php\/wp-json\/wp\/v2\/types\/product"}],"replies":[{"embeddable":true,"href":"https:\/\/topeletronicos.com.br\/index.php\/wp-json\/wp\/v2\/comments?post=3268"}],"version-history":[{"count":0,"href":"https:\/\/topeletronicos.com.br\/index.php\/wp-json\/wp\/v2\/product\/3268\/revisions"}],"wp:featuredmedia":[{"embeddable":true,"href":"https:\/\/topeletronicos.com.br\/index.php\/wp-json\/wp\/v2\/media\/2707"}],"wp:attachment":[{"href":"https:\/\/topeletronicos.com.br\/index.php\/wp-json\/wp\/v2\/media?parent=3268"}],"curies":[{"name":"wp","href":"https:\/\/api.w.org\/{rel}","templated":true}]}}