{"id":3271,"date":"2020-10-15T18:46:19","date_gmt":"2020-10-15T21:46:19","guid":{"rendered":"https:\/\/megaeletronicosjc.com.br\/index.php\/product\/hdmi-para-vga-com-audio-p2-conversor-adaptador-de-video\/"},"modified":"2020-10-15T18:49:10","modified_gmt":"2020-10-15T21:49:10","slug":"hdmi-para-vga-com-audio-p2-conversor-adaptador-de-video","status":"publish","type":"product","link":"https:\/\/topeletronicos.com.br\/index.php\/product\/hdmi-para-vga-com-audio-p2-conversor-adaptador-de-video\/","title":{"rendered":"Hdmi Para Vga Com \u00c1udio P2 Conversor Adaptador De V\u00eddeo"},"content":{"rendered":"<p>Conversor Adaptador De V\u00eddeo Hdmi Para Vga Com \u00c1udio<br \/>\nObs: APLICA-SE APENAS NA SITUA\u00c7\u00c3O EM QUE SEU COMPUTADOR OU NOTEBOOK \u00c9 HDMI PARA UM MONITOR VGA. O RECEPTOR DE IMAGEM SEMPRE SERA VGA<br \/>\nEste conversor n\u00e3o faz a fun\u00e7\u00e3o inversa.<br \/>\nEsse produto \u00e9 um conversor de sinal digital para anal\u00f3gico, com ele voc\u00ea pode converter o \u00e1udio e v\u00eddeo da sua sa\u00edda HDMI para o v\u00eddeo VGA e \u00e1udio P2<\/p>\n","protected":false},"excerpt":{"rendered":"<p>Excelente qualidade.<br \/>\nSimplesmente ligue-o na entrada do cabo HDMI e conecte o seu cabo VGA na sua outra ponta.<br \/>\nUse na sa\u00edda de notebooks modernos que n\u00e3o tem mais sa\u00edda VGA para ligar em monitores tradicionais, CRT e LCD que n\u00e3o tem entrada digital.<br \/>\nSaida de audio P2 St\u00e9reo<\/p>\n","protected":false},"featured_media":2449,"comment_status":"open","ping_status":"closed","template":"","meta":[],"_links":{"self":[{"href":"https:\/\/topeletronicos.com.br\/index.php\/wp-json\/wp\/v2\/product\/3271"}],"collection":[{"href":"https:\/\/topeletronicos.com.br\/index.php\/wp-json\/wp\/v2\/product"}],"about":[{"href":"https:\/\/topeletronicos.com.br\/index.php\/wp-json\/wp\/v2\/types\/product"}],"replies":[{"embeddable":true,"href":"https:\/\/topeletronicos.com.br\/index.php\/wp-json\/wp\/v2\/comments?post=3271"}],"version-history":[{"count":0,"href":"https:\/\/topeletronicos.com.br\/index.php\/wp-json\/wp\/v2\/product\/3271\/revisions"}],"wp:featuredmedia":[{"embeddable":true,"href":"https:\/\/topeletronicos.com.br\/index.php\/wp-json\/wp\/v2\/media\/2449"}],"wp:attachment":[{"href":"https:\/\/topeletronicos.com.br\/index.php\/wp-json\/wp\/v2\/media?parent=3271"}],"curies":[{"name":"wp","href":"https:\/\/api.w.org\/{rel}","templated":true}]}}