{"id":3273,"date":"2020-10-15T18:46:20","date_gmt":"2020-10-15T21:46:20","guid":{"rendered":"https:\/\/megaeletronicosjc.com.br\/index.php\/product\/fone-ouvido-headset-para-com-xbox-360-knup\/"},"modified":"2020-10-15T18:49:10","modified_gmt":"2020-10-15T21:49:10","slug":"fone-ouvido-headset-para-com-xbox-360-knup","status":"publish","type":"product","link":"https:\/\/topeletronicos.com.br\/index.php\/product\/fone-ouvido-headset-para-com-xbox-360-knup\/","title":{"rendered":"Fone Ouvido Headset Para Com Xbox 360 KNUP"},"content":{"rendered":"<p>Aumenta a experi\u00eancia nos jogos online na Xbox Live, permitindo um som mais claroMicrofone unidirecional que melhora a resposta por comando de voz, proporcionando uma comunica\u00e7\u00e3o mais claraConecta diretamente no controle do Xbox 360Microfone ajust\u00e1vel com cancelamento de ru\u00eddosChave ON\/OFF para o MicrofoneControle de volume integrado ao caboFiltro de ferrite, melhora o desempenho de sinal evitando interfer\u00eanciasIdeal para jogos onlineHaste superior ajust\u00e1velMicrofone com haste flex\u00edvelConector: 2,5 mm<\/p>\n","protected":false},"excerpt":{"rendered":"<p>Aumenta a experi\u00eancia nos jogos online na Xbox Live, permitindo um som mais claroMicrofone unidirecional que melhora a resposta por comando de voz, proporcionando uma comunica\u00e7\u00e3o mais clara<\/p>\n","protected":false},"featured_media":2715,"comment_status":"open","ping_status":"closed","template":"","meta":[],"_links":{"self":[{"href":"https:\/\/topeletronicos.com.br\/index.php\/wp-json\/wp\/v2\/product\/3273"}],"collection":[{"href":"https:\/\/topeletronicos.com.br\/index.php\/wp-json\/wp\/v2\/product"}],"about":[{"href":"https:\/\/topeletronicos.com.br\/index.php\/wp-json\/wp\/v2\/types\/product"}],"replies":[{"embeddable":true,"href":"https:\/\/topeletronicos.com.br\/index.php\/wp-json\/wp\/v2\/comments?post=3273"}],"version-history":[{"count":0,"href":"https:\/\/topeletronicos.com.br\/index.php\/wp-json\/wp\/v2\/product\/3273\/revisions"}],"wp:featuredmedia":[{"embeddable":true,"href":"https:\/\/topeletronicos.com.br\/index.php\/wp-json\/wp\/v2\/media\/2715"}],"wp:attachment":[{"href":"https:\/\/topeletronicos.com.br\/index.php\/wp-json\/wp\/v2\/media?parent=3273"}],"curies":[{"name":"wp","href":"https:\/\/api.w.org\/{rel}","templated":true}]}}