{"id":3274,"date":"2020-10-15T18:46:20","date_gmt":"2020-10-15T21:46:20","guid":{"rendered":"https:\/\/megaeletronicosjc.com.br\/index.php\/product\/unidades-de-cabo-hdmi-3d-full-hd-1080p-2m\/"},"modified":"2020-10-15T18:49:10","modified_gmt":"2020-10-15T21:49:10","slug":"unidades-de-cabo-hdmi-3d-full-hd-1080p-2m","status":"publish","type":"product","link":"https:\/\/topeletronicos.com.br\/index.php\/product\/unidades-de-cabo-hdmi-3d-full-hd-1080p-2m\/","title":{"rendered":"Unidades De Cabo Hdmi 3d Full Hd 1080p 2m"},"content":{"rendered":"<p>O cabo HDMI \u00e9 um transmissor de dados para aparelhos de alta resolu\u00e7\u00e3o, como televisores, videogames e computadores.<br \/>\nO conector transmite simultaneamente v\u00eddeo e \u00e1udio de alt\u00edssima qualidade entre, por exemplo, um PlayStation 3 e uma televis\u00e3o de LCD, garantindo imagem de \u00f3tima resolu\u00e7\u00e3o e som.<\/p>\n","protected":false},"excerpt":{"rendered":"<p>O cabo HDMI \u00e9 um transmissor de dados para aparelhos de alta resolu\u00e7\u00e3o, como televisores, videogames e computadores.<\/p>\n","protected":false},"featured_media":2717,"comment_status":"open","ping_status":"closed","template":"","meta":[],"_links":{"self":[{"href":"https:\/\/topeletronicos.com.br\/index.php\/wp-json\/wp\/v2\/product\/3274"}],"collection":[{"href":"https:\/\/topeletronicos.com.br\/index.php\/wp-json\/wp\/v2\/product"}],"about":[{"href":"https:\/\/topeletronicos.com.br\/index.php\/wp-json\/wp\/v2\/types\/product"}],"replies":[{"embeddable":true,"href":"https:\/\/topeletronicos.com.br\/index.php\/wp-json\/wp\/v2\/comments?post=3274"}],"version-history":[{"count":0,"href":"https:\/\/topeletronicos.com.br\/index.php\/wp-json\/wp\/v2\/product\/3274\/revisions"}],"wp:featuredmedia":[{"embeddable":true,"href":"https:\/\/topeletronicos.com.br\/index.php\/wp-json\/wp\/v2\/media\/2717"}],"wp:attachment":[{"href":"https:\/\/topeletronicos.com.br\/index.php\/wp-json\/wp\/v2\/media?parent=3274"}],"curies":[{"name":"wp","href":"https:\/\/api.w.org\/{rel}","templated":true}]}}