{"id":3275,"date":"2020-10-15T18:46:20","date_gmt":"2020-10-15T21:46:20","guid":{"rendered":"https:\/\/megaeletronicosjc.com.br\/index.php\/product\/cabo-de-h-d-m-i-versao-2-0-19pin-4k-ultra-hd-blindado-1-5mts\/"},"modified":"2020-10-15T18:49:10","modified_gmt":"2020-10-15T21:49:10","slug":"cabo-de-h-d-m-i-versao-2-0-19pin-4k-ultra-hd-blindado-1-5mts","status":"publish","type":"product","link":"https:\/\/topeletronicos.com.br\/index.php\/product\/cabo-de-h-d-m-i-versao-2-0-19pin-4k-ultra-hd-blindado-1-5mts\/","title":{"rendered":"Cabo De H.d.m.i Vers\u00e3o 2.0 19pin 4k Ultra Hd Blindado 1.5mts"},"content":{"rendered":"<p>\u00d3timo cabo H.D.M.I 4K vers\u00e3o 2.0 compat\u00edvel com resolu\u00e7\u00e3o Ultra HD (HHD), protegido contra EMI, RFI e sobrecarga, permitindo conectar aparelhos com sa\u00edda H.D.M.I a LED TV, TV LCD, TV de Plasma e outros aparelhos com entrada H.D.M.I.<\/p>\n<p>Cabo H.D.M.I 19 pinos v2.0 \u00e9 a garantia de ter som e imagem sem interfer\u00eancias e sem perda de sinal com a m\u00e1xima qualidade.<\/p>\n","protected":false},"excerpt":{"rendered":"<p>Cabo H.D.M.I 19 pinos v2.0 \u00e9 a garantia de ter som e imagem sem interfer\u00eancias e sem perda de sinal com a m\u00e1xima qualidade.<\/p>\n","protected":false},"featured_media":2719,"comment_status":"open","ping_status":"closed","template":"","meta":[],"_links":{"self":[{"href":"https:\/\/topeletronicos.com.br\/index.php\/wp-json\/wp\/v2\/product\/3275"}],"collection":[{"href":"https:\/\/topeletronicos.com.br\/index.php\/wp-json\/wp\/v2\/product"}],"about":[{"href":"https:\/\/topeletronicos.com.br\/index.php\/wp-json\/wp\/v2\/types\/product"}],"replies":[{"embeddable":true,"href":"https:\/\/topeletronicos.com.br\/index.php\/wp-json\/wp\/v2\/comments?post=3275"}],"version-history":[{"count":0,"href":"https:\/\/topeletronicos.com.br\/index.php\/wp-json\/wp\/v2\/product\/3275\/revisions"}],"wp:featuredmedia":[{"embeddable":true,"href":"https:\/\/topeletronicos.com.br\/index.php\/wp-json\/wp\/v2\/media\/2719"}],"wp:attachment":[{"href":"https:\/\/topeletronicos.com.br\/index.php\/wp-json\/wp\/v2\/media?parent=3275"}],"curies":[{"name":"wp","href":"https:\/\/api.w.org\/{rel}","templated":true}]}}