{"id":3276,"date":"2020-10-15T18:46:20","date_gmt":"2020-10-15T21:46:20","guid":{"rendered":"https:\/\/megaeletronicosjc.com.br\/index.php\/product\/baterias-recarregaveis-3-7v-3800mah-flex-fx-l-18650\/"},"modified":"2020-10-15T18:49:10","modified_gmt":"2020-10-15T21:49:10","slug":"baterias-recarregaveis-3-7v-3800mah-flex-fx-l-18650","status":"publish","type":"product","link":"https:\/\/topeletronicos.com.br\/index.php\/product\/baterias-recarregaveis-3-7v-3800mah-flex-fx-l-18650\/","title":{"rendered":"Baterias Recarreg\u00e1veis 3.7v 3800mah Flex Fx-l.18650"},"content":{"rendered":"<p>As bateria recarreg\u00e1veis FLEX s\u00e3o especialmente projetadas para acompanhar e suprir a demanda cada vez maior de energia, possibilitando maior praticidade e economia.<\/p>\n<p>-Bateria recarreg\u00e1vel 18650 &#8211; 3800mAh 3.7V.<\/p>\n<p>-Sua carga extra de energia, ideal para lanternas t\u00e1ticas e aparelhos eletr\u00f4nicos compat\u00edvel.<\/p>\n","protected":false},"excerpt":{"rendered":"<p>As bateria recarreg\u00e1veis FLEX s\u00e3o especialmente projetadas para acompanhar e suprir a demanda cada vez maior de energia, possibilitando maior praticidade e economia.<\/p>\n","protected":false},"featured_media":2721,"comment_status":"open","ping_status":"closed","template":"","meta":[],"_links":{"self":[{"href":"https:\/\/topeletronicos.com.br\/index.php\/wp-json\/wp\/v2\/product\/3276"}],"collection":[{"href":"https:\/\/topeletronicos.com.br\/index.php\/wp-json\/wp\/v2\/product"}],"about":[{"href":"https:\/\/topeletronicos.com.br\/index.php\/wp-json\/wp\/v2\/types\/product"}],"replies":[{"embeddable":true,"href":"https:\/\/topeletronicos.com.br\/index.php\/wp-json\/wp\/v2\/comments?post=3276"}],"version-history":[{"count":0,"href":"https:\/\/topeletronicos.com.br\/index.php\/wp-json\/wp\/v2\/product\/3276\/revisions"}],"wp:featuredmedia":[{"embeddable":true,"href":"https:\/\/topeletronicos.com.br\/index.php\/wp-json\/wp\/v2\/media\/2721"}],"wp:attachment":[{"href":"https:\/\/topeletronicos.com.br\/index.php\/wp-json\/wp\/v2\/media?parent=3276"}],"curies":[{"name":"wp","href":"https:\/\/api.w.org\/{rel}","templated":true}]}}