{"id":3277,"date":"2020-10-15T18:46:20","date_gmt":"2020-10-15T21:46:20","guid":{"rendered":"https:\/\/megaeletronicosjc.com.br\/index.php\/product\/extensao-hub-usb-3-portas-with-data-expansor-rapido\/"},"modified":"2020-10-15T18:49:10","modified_gmt":"2020-10-15T21:49:10","slug":"extensao-hub-usb-3-portas-with-data-expansor-rapido","status":"publish","type":"product","link":"https:\/\/topeletronicos.com.br\/index.php\/product\/extensao-hub-usb-3-portas-with-data-expansor-rapido\/","title":{"rendered":"Extens\u00e3o Hub Usb 3 Portas With Data Expansor R\u00e1pido"},"content":{"rendered":"<p>A Extens\u00e3o Hub Usb 2.0 3 Portas With Data possui um leiaute 100% novo.  Alta qualidade com melhor pre\u00e7o favor\u00e1vel.  Transmiss\u00e3o de dados de alta qualidade e velocidade com suporte a taxa de transfer\u00eancia USB 2.0. Bonito, leve e conveniente f\u00e1cil de transportar. Carregue facilmente seu telefone simplesmente conectando a porta USB do seu PC.<\/p>\n","protected":false},"excerpt":{"rendered":"<p>Alta qualidade com melhor pre\u00e7o favor\u00e1vel.  Transmiss\u00e3o de dados de alta qualidade e velocidade com suporte a taxa de transfer\u00eancia USB 2.0. <\/p>\n","protected":false},"featured_media":2723,"comment_status":"open","ping_status":"closed","template":"","meta":[],"_links":{"self":[{"href":"https:\/\/topeletronicos.com.br\/index.php\/wp-json\/wp\/v2\/product\/3277"}],"collection":[{"href":"https:\/\/topeletronicos.com.br\/index.php\/wp-json\/wp\/v2\/product"}],"about":[{"href":"https:\/\/topeletronicos.com.br\/index.php\/wp-json\/wp\/v2\/types\/product"}],"replies":[{"embeddable":true,"href":"https:\/\/topeletronicos.com.br\/index.php\/wp-json\/wp\/v2\/comments?post=3277"}],"version-history":[{"count":0,"href":"https:\/\/topeletronicos.com.br\/index.php\/wp-json\/wp\/v2\/product\/3277\/revisions"}],"wp:featuredmedia":[{"embeddable":true,"href":"https:\/\/topeletronicos.com.br\/index.php\/wp-json\/wp\/v2\/media\/2723"}],"wp:attachment":[{"href":"https:\/\/topeletronicos.com.br\/index.php\/wp-json\/wp\/v2\/media?parent=3277"}],"curies":[{"name":"wp","href":"https:\/\/api.w.org\/{rel}","templated":true}]}}