{"id":3278,"date":"2020-10-15T18:46:20","date_gmt":"2020-10-15T21:46:20","guid":{"rendered":"https:\/\/megaeletronicosjc.com.br\/index.php\/product\/placa-de-som-usb-adaptador-de-audio-p2-fone-e-microfone\/"},"modified":"2020-10-15T18:49:10","modified_gmt":"2020-10-15T21:49:10","slug":"placa-de-som-usb-adaptador-de-audio-p2-fone-e-microfone","status":"publish","type":"product","link":"https:\/\/topeletronicos.com.br\/index.php\/product\/placa-de-som-usb-adaptador-de-audio-p2-fone-e-microfone\/","title":{"rendered":"Placa De Som Usb Adaptador De \u00c1udio P2 Fone E Microfone"},"content":{"rendered":"<p>A placa tem plug USB e pode ser utilizada em qualquer computador ou notebook, al\u00e9m de contar com duas entradas P2, para microfone e fone de ouvido.<\/p>\n<p>O produto disp\u00f5e de uma luz de led que indicam quando o dispositivo est\u00e1 conectado, e quando o mesmo est\u00e1 recebendo sinal. Permite transmiss\u00f5es de \u00e1udio em um volume maior que o original, e em uma qualidade melhor.<\/p>\n<p>Junto com um adaptador OTG, tamb\u00e9m pode ser utilizada para conectar microfone e fone de ouvido em celular. Tamb\u00e9m pode ser utilizado simplesmente para transformar a entrada USB do computador ou notebook em entrada para microfone e fone de ouvido.<\/p>\n","protected":false},"excerpt":{"rendered":"<p>A placa tem plug USB e pode ser utilizada em qualquer computador ou notebook, al\u00e9m de contar com duas entradas P2, para microfone e fone de ouvido.<\/p>\n","protected":false},"featured_media":2725,"comment_status":"open","ping_status":"closed","template":"","meta":[],"_links":{"self":[{"href":"https:\/\/topeletronicos.com.br\/index.php\/wp-json\/wp\/v2\/product\/3278"}],"collection":[{"href":"https:\/\/topeletronicos.com.br\/index.php\/wp-json\/wp\/v2\/product"}],"about":[{"href":"https:\/\/topeletronicos.com.br\/index.php\/wp-json\/wp\/v2\/types\/product"}],"replies":[{"embeddable":true,"href":"https:\/\/topeletronicos.com.br\/index.php\/wp-json\/wp\/v2\/comments?post=3278"}],"version-history":[{"count":0,"href":"https:\/\/topeletronicos.com.br\/index.php\/wp-json\/wp\/v2\/product\/3278\/revisions"}],"wp:featuredmedia":[{"embeddable":true,"href":"https:\/\/topeletronicos.com.br\/index.php\/wp-json\/wp\/v2\/media\/2725"}],"wp:attachment":[{"href":"https:\/\/topeletronicos.com.br\/index.php\/wp-json\/wp\/v2\/media?parent=3278"}],"curies":[{"name":"wp","href":"https:\/\/api.w.org\/{rel}","templated":true}]}}