{"id":3280,"date":"2020-10-15T18:46:20","date_gmt":"2020-10-15T21:46:20","guid":{"rendered":"https:\/\/megaeletronicosjc.com.br\/index.php\/product\/adaptador-micro-hdmi-macho-para-hdmi-femea\/"},"modified":"2020-10-15T18:49:10","modified_gmt":"2020-10-15T21:49:10","slug":"adaptador-micro-hdmi-macho-para-hdmi-femea","status":"publish","type":"product","link":"https:\/\/topeletronicos.com.br\/index.php\/product\/adaptador-micro-hdmi-macho-para-hdmi-femea\/","title":{"rendered":"Adaptador Micro Hdmi Macho Para Hdmi Femea"},"content":{"rendered":"<p>O Adaptador HDMI F\u00eamea x Micro HDMI Macho \u00e9 ideal para Tablets, C\u00e2meras fotogr\u00e1ficas, Filmadoras, entre outros aparelhos que tenham a conec\u00e7\u00e3o Micro HDMI. Conectores banhados a ouro, fabricado utilizando materiais de alta qualidade e durabilidade.<\/p>\n","protected":false},"excerpt":{"rendered":"<p>O Adaptador HDMI F\u00eamea x Micro HDMI Macho \u00e9 ideal para Tablets, C\u00e2meras fotogr\u00e1ficas, Filmadoras, entre outros aparelhos que tenham a conec\u00e7\u00e3o Micro HDMI. Conectores banhados a ouro, fabricado utilizando materiais de alta qualidade e durabilidade.<\/p>\n","protected":false},"featured_media":2729,"comment_status":"open","ping_status":"closed","template":"","meta":[],"_links":{"self":[{"href":"https:\/\/topeletronicos.com.br\/index.php\/wp-json\/wp\/v2\/product\/3280"}],"collection":[{"href":"https:\/\/topeletronicos.com.br\/index.php\/wp-json\/wp\/v2\/product"}],"about":[{"href":"https:\/\/topeletronicos.com.br\/index.php\/wp-json\/wp\/v2\/types\/product"}],"replies":[{"embeddable":true,"href":"https:\/\/topeletronicos.com.br\/index.php\/wp-json\/wp\/v2\/comments?post=3280"}],"version-history":[{"count":0,"href":"https:\/\/topeletronicos.com.br\/index.php\/wp-json\/wp\/v2\/product\/3280\/revisions"}],"wp:featuredmedia":[{"embeddable":true,"href":"https:\/\/topeletronicos.com.br\/index.php\/wp-json\/wp\/v2\/media\/2729"}],"wp:attachment":[{"href":"https:\/\/topeletronicos.com.br\/index.php\/wp-json\/wp\/v2\/media?parent=3280"}],"curies":[{"name":"wp","href":"https:\/\/api.w.org\/{rel}","templated":true}]}}