{"id":3281,"date":"2020-10-15T18:46:21","date_gmt":"2020-10-15T21:46:21","guid":{"rendered":"https:\/\/megaeletronicosjc.com.br\/index.php\/product\/adaptador-hdmi-90-graus-em-l-macho-x-femea-1-4-p-tv-painel\/"},"modified":"2021-06-22T09:33:12","modified_gmt":"2021-06-22T12:33:12","slug":"adaptador-hdmi-90-graus-em-l-macho-x-femea-1-4-p-tv-painel","status":"publish","type":"product","link":"https:\/\/topeletronicos.com.br\/index.php\/product\/adaptador-hdmi-90-graus-em-l-macho-x-femea-1-4-p-tv-painel\/","title":{"rendered":"Adaptador Hdmi 90 Graus Em L Macho X F\u00eamea 1.4 P\/ Tv Painel"},"content":{"rendered":"<p>Facilita a instala\u00e7\u00e3o de equipamentos que est\u00e3o pr\u00f3ximos ou juntos a parede; como tb em pain\u00e9is ou fixadas diretamente na parede;<\/p>\n","protected":false},"excerpt":{"rendered":"<p>Facilita a instala\u00e7\u00e3o de equipamentos que est\u00e3o pr\u00f3ximos ou juntos a parede; como tb em pain\u00e9is ou fixadas diretamente na parede;<\/p>\n","protected":false},"featured_media":2452,"comment_status":"open","ping_status":"closed","template":"","meta":[],"_links":{"self":[{"href":"https:\/\/topeletronicos.com.br\/index.php\/wp-json\/wp\/v2\/product\/3281"}],"collection":[{"href":"https:\/\/topeletronicos.com.br\/index.php\/wp-json\/wp\/v2\/product"}],"about":[{"href":"https:\/\/topeletronicos.com.br\/index.php\/wp-json\/wp\/v2\/types\/product"}],"replies":[{"embeddable":true,"href":"https:\/\/topeletronicos.com.br\/index.php\/wp-json\/wp\/v2\/comments?post=3281"}],"version-history":[{"count":2,"href":"https:\/\/topeletronicos.com.br\/index.php\/wp-json\/wp\/v2\/product\/3281\/revisions"}],"predecessor-version":[{"id":13279,"href":"https:\/\/topeletronicos.com.br\/index.php\/wp-json\/wp\/v2\/product\/3281\/revisions\/13279"}],"wp:featuredmedia":[{"embeddable":true,"href":"https:\/\/topeletronicos.com.br\/index.php\/wp-json\/wp\/v2\/media\/2452"}],"wp:attachment":[{"href":"https:\/\/topeletronicos.com.br\/index.php\/wp-json\/wp\/v2\/media?parent=3281"}],"curies":[{"name":"wp","href":"https:\/\/api.w.org\/{rel}","templated":true}]}}