{"id":3284,"date":"2020-10-15T18:46:21","date_gmt":"2020-10-15T21:46:21","guid":{"rendered":"https:\/\/megaeletronicosjc.com.br\/index.php\/product\/carregador-wireless-sem-fio-pmcell-999-wr11\/"},"modified":"2020-10-15T18:49:10","modified_gmt":"2020-10-15T21:49:10","slug":"carregador-wireless-sem-fio-pmcell-999-wr11","status":"publish","type":"product","link":"https:\/\/topeletronicos.com.br\/index.php\/product\/carregador-wireless-sem-fio-pmcell-999-wr11\/","title":{"rendered":"Carregador Wireless sem Fio PMCELL 999 WR11"},"content":{"rendered":"<p>Carregador Wireless sem Fio PMCELL 999 WR11 para iPhone8, iPhone8 plus, iPhone X, Galaxy S6, S6 Edge ,S7, S7 Edge, S8, S8+, S8 Plus, Note 5 Carregador Wireless sem Fio PMCELL 999 WR11 para iPhone8, iPhone8 plus, iPhone X, Galaxy S6, S6 Edge ,S7, S7 Edge, S8, S8+, S8 Plus, Note 5 O Carregador sem Fio permite que voc\u00ea recarregue seu smartphone com toda a comodidade e praticidade que o seu dia exige. Basta posicionar seu smartphone (com tecnologia compat\u00edvel Qi), sobre a base para que o carregamento seja iniciado. Uma notifica\u00e7\u00e3o em LED indica quando o carregador est\u00e1 ativo.<\/p>\n","protected":false},"excerpt":{"rendered":"<p>Tipo: Carregador sem fio, Wireless<\/p>\n<p>Compatibilidade: Galaxy S7, S7 EDGE, S8 e S8+ ou qualquer modelo compat\u00edvel com o PADR\u00c3O QiEntrada e Sa\u00edda USBPadr\u00e3o mundial QiLED indicativo<\/p>\n<p>Pequeno e elegante<\/p>\n","protected":false},"featured_media":2889,"comment_status":"open","ping_status":"closed","template":"","meta":[],"_links":{"self":[{"href":"https:\/\/topeletronicos.com.br\/index.php\/wp-json\/wp\/v2\/product\/3284"}],"collection":[{"href":"https:\/\/topeletronicos.com.br\/index.php\/wp-json\/wp\/v2\/product"}],"about":[{"href":"https:\/\/topeletronicos.com.br\/index.php\/wp-json\/wp\/v2\/types\/product"}],"replies":[{"embeddable":true,"href":"https:\/\/topeletronicos.com.br\/index.php\/wp-json\/wp\/v2\/comments?post=3284"}],"version-history":[{"count":0,"href":"https:\/\/topeletronicos.com.br\/index.php\/wp-json\/wp\/v2\/product\/3284\/revisions"}],"wp:featuredmedia":[{"embeddable":true,"href":"https:\/\/topeletronicos.com.br\/index.php\/wp-json\/wp\/v2\/media\/2889"}],"wp:attachment":[{"href":"https:\/\/topeletronicos.com.br\/index.php\/wp-json\/wp\/v2\/media?parent=3284"}],"curies":[{"name":"wp","href":"https:\/\/api.w.org\/{rel}","templated":true}]}}