{"id":3291,"date":"2020-10-15T18:46:22","date_gmt":"2020-10-15T21:46:22","guid":{"rendered":"https:\/\/megaeletronicosjc.com.br\/index.php\/product\/cabo-de-dados-maxmidia-v8-3-1a\/"},"modified":"2021-06-22T09:30:32","modified_gmt":"2021-06-22T12:30:32","slug":"cabo-de-dados-maxmidia-v8-3-1a","status":"publish","type":"product","link":"https:\/\/topeletronicos.com.br\/index.php\/product\/cabo-de-dados-maxmidia-v8-3-1a\/","title":{"rendered":"Cabo de dados  Maxmidia V8 3.1A"},"content":{"rendered":"<p>CABO MICRO USB, V8, TURBO 3.1A.<br \/>\n&#8211; PERFEITO PARA A MAIORIA DOS PRODUTOS QUE UTILIZAM A ENTRADA MICRO USB.<br \/>\n&#8211; PORTA USB ATUALIZADA, MAIS EFICIENTE NA TRANSMISS\u00c3O DE DADOS E SINAL SEGURO.<br \/>\n&#8211; CARREGAMENTO R\u00c1PIDO E TRANSMISS\u00c3O DE DADOS SUPERIOR EM CARREGAMENTO R\u00c1PIDO E TRANSFER\u00caNCIA.<br \/>\n&#8211; DESIGN FLAT, EVITA ENTRELA\u00c7AMENTO, ENROLAMENTO DO CABO NO ARMAZENAMENTO E USO.<br \/>\n&#8211; TAMANHO DO CABO: 1M.<\/p>\n","protected":false},"excerpt":{"rendered":"<p>Cabo de dados Maxmidia 3.1A<\/p>\n","protected":false},"featured_media":2901,"comment_status":"open","ping_status":"closed","template":"","meta":[],"_links":{"self":[{"href":"https:\/\/topeletronicos.com.br\/index.php\/wp-json\/wp\/v2\/product\/3291"}],"collection":[{"href":"https:\/\/topeletronicos.com.br\/index.php\/wp-json\/wp\/v2\/product"}],"about":[{"href":"https:\/\/topeletronicos.com.br\/index.php\/wp-json\/wp\/v2\/types\/product"}],"replies":[{"embeddable":true,"href":"https:\/\/topeletronicos.com.br\/index.php\/wp-json\/wp\/v2\/comments?post=3291"}],"version-history":[{"count":1,"href":"https:\/\/topeletronicos.com.br\/index.php\/wp-json\/wp\/v2\/product\/3291\/revisions"}],"predecessor-version":[{"id":13275,"href":"https:\/\/topeletronicos.com.br\/index.php\/wp-json\/wp\/v2\/product\/3291\/revisions\/13275"}],"wp:featuredmedia":[{"embeddable":true,"href":"https:\/\/topeletronicos.com.br\/index.php\/wp-json\/wp\/v2\/media\/2901"}],"wp:attachment":[{"href":"https:\/\/topeletronicos.com.br\/index.php\/wp-json\/wp\/v2\/media?parent=3291"}],"curies":[{"name":"wp","href":"https:\/\/api.w.org\/{rel}","templated":true}]}}