{"id":3295,"date":"2020-10-15T18:46:22","date_gmt":"2020-10-15T21:46:22","guid":{"rendered":"https:\/\/megaeletronicosjc.com.br\/index.php\/product\/fone-de-ouvido-pmcell-f0-11\/"},"modified":"2020-10-15T18:49:11","modified_gmt":"2020-10-15T21:49:11","slug":"fone-de-ouvido-pmcell-f0-11","status":"publish","type":"product","link":"https:\/\/topeletronicos.com.br\/index.php\/product\/fone-de-ouvido-pmcell-f0-11\/","title":{"rendered":"\u00a0Fone De Ouvido Pmcell F0-11"},"content":{"rendered":"<p>Comprimento do fio: 1,2m<br \/>\nEntrada Auricular: 3.5mm<br \/>\nCabo revestido em TPU<br \/>\nConector anodizado em dourado<\/p>\n<p>Funciona em qualquer dispositivo com entrada P3<br \/>\nMicrofone para atender chamadas telef\u00f4nicas<br \/>\nGraves potentes, limpo, alto e claro<\/p>\n<p>ATEN\u00c7\u00c3O: SE O SEU SMARTPHONE N\u00c3O POSSUI ENTRADA PARA FONES, UTILIZE UM ADAPTADOR COMPAT\u00cdVEL<\/p>\n<p>Adaptador n\u00e3o incluso<\/p>\n<p>Samsung, LG, Motorola, Alcatel, Asus, Nokia e outros<\/p>\n","protected":false},"excerpt":{"rendered":"<p>Funciona em qualquer dispositivo com entrada P3<br \/>\nMicrofone para atender chamadas telef\u00f4nicas<br \/>\nGraves potentes, limpo, alto e claro<\/p>\n","protected":false},"featured_media":2909,"comment_status":"open","ping_status":"closed","template":"","meta":[],"_links":{"self":[{"href":"https:\/\/topeletronicos.com.br\/index.php\/wp-json\/wp\/v2\/product\/3295"}],"collection":[{"href":"https:\/\/topeletronicos.com.br\/index.php\/wp-json\/wp\/v2\/product"}],"about":[{"href":"https:\/\/topeletronicos.com.br\/index.php\/wp-json\/wp\/v2\/types\/product"}],"replies":[{"embeddable":true,"href":"https:\/\/topeletronicos.com.br\/index.php\/wp-json\/wp\/v2\/comments?post=3295"}],"version-history":[{"count":0,"href":"https:\/\/topeletronicos.com.br\/index.php\/wp-json\/wp\/v2\/product\/3295\/revisions"}],"wp:featuredmedia":[{"embeddable":true,"href":"https:\/\/topeletronicos.com.br\/index.php\/wp-json\/wp\/v2\/media\/2909"}],"wp:attachment":[{"href":"https:\/\/topeletronicos.com.br\/index.php\/wp-json\/wp\/v2\/media?parent=3295"}],"curies":[{"name":"wp","href":"https:\/\/api.w.org\/{rel}","templated":true}]}}