{"id":3296,"date":"2020-10-15T18:46:25","date_gmt":"2020-10-15T21:46:25","guid":{"rendered":"https:\/\/megaeletronicosjc.com.br\/index.php\/product\/carregador-parede-2-entrada-usb-rapido-iphone-3-6a-branco\/"},"modified":"2020-10-15T18:49:11","modified_gmt":"2020-10-15T21:49:11","slug":"carregador-parede-2-entrada-usb-rapido-iphone-3-6a-branco","status":"publish","type":"product","link":"https:\/\/topeletronicos.com.br\/index.php\/product\/carregador-parede-2-entrada-usb-rapido-iphone-3-6a-branco\/","title":{"rendered":"carregador Parede 2 Entrada Usb R\u00e1pido iPhone 3.6a- Branco"},"content":{"rendered":"<p>Carregador R\u00e1pido 3.6A entradas USB iPhone<br \/>\nCarregamento via USB, prote\u00e7\u00e3o contra sobrecorrente, prote\u00e7\u00e3o curto-circuito.<br \/>\nFun\u00e7\u00e3o de sa\u00edda 5.0V pode  se amplamente utilizado para MP3, MP4, Celular&#8230;etc e outros dispositivos digitais.<\/p>\n","protected":false},"excerpt":{"rendered":"<p>Carregador Parede 2 Entrada Usb R\u00e1pido iPhone <\/p>\n","protected":false},"featured_media":2911,"comment_status":"open","ping_status":"closed","template":"","meta":[],"_links":{"self":[{"href":"https:\/\/topeletronicos.com.br\/index.php\/wp-json\/wp\/v2\/product\/3296"}],"collection":[{"href":"https:\/\/topeletronicos.com.br\/index.php\/wp-json\/wp\/v2\/product"}],"about":[{"href":"https:\/\/topeletronicos.com.br\/index.php\/wp-json\/wp\/v2\/types\/product"}],"replies":[{"embeddable":true,"href":"https:\/\/topeletronicos.com.br\/index.php\/wp-json\/wp\/v2\/comments?post=3296"}],"version-history":[{"count":0,"href":"https:\/\/topeletronicos.com.br\/index.php\/wp-json\/wp\/v2\/product\/3296\/revisions"}],"wp:featuredmedia":[{"embeddable":true,"href":"https:\/\/topeletronicos.com.br\/index.php\/wp-json\/wp\/v2\/media\/2911"}],"wp:attachment":[{"href":"https:\/\/topeletronicos.com.br\/index.php\/wp-json\/wp\/v2\/media?parent=3296"}],"curies":[{"name":"wp","href":"https:\/\/api.w.org\/{rel}","templated":true}]}}