{"id":3303,"date":"2020-10-15T18:46:25","date_gmt":"2020-10-15T21:46:25","guid":{"rendered":"https:\/\/megaeletronicosjc.com.br\/index.php\/product\/case-gaveta-hd-sata-externo-2-5-usb-notebook-exbom\/"},"modified":"2020-10-15T18:49:12","modified_gmt":"2020-10-15T21:49:12","slug":"case-gaveta-hd-sata-externo-2-5-usb-notebook-exbom","status":"publish","type":"product","link":"https:\/\/topeletronicos.com.br\/index.php\/product\/case-gaveta-hd-sata-externo-2-5-usb-notebook-exbom\/","title":{"rendered":"Case Gaveta Hd Sata Externo 2.5 Usb Notebook &#8211; exbom"},"content":{"rendered":"<p>O case para HD Sata 2.5 \u00e9 o produto indicado para aqueles que querem a praticidade de um HD externo. O case \u00e9 um produto compacto e leve para HDs padr\u00e3o serial Sata 2.5&#8221;. Ele comporta tranquilamente um HD de notebook e vem com sistema Plug &#038; Play (\u00e9 s\u00f3 plugar e come\u00e7ar a usar). Possui 480 Mbps de velocidade de transmiss\u00e3o. O seu corpo em alum\u00ednio garante prote\u00e7\u00e3o e alta dissipa\u00e7\u00e3o de calor.<br \/>\nA fixa\u00e7\u00e3o por parafusos e o design moderno s\u00e3o sin\u00f4nimos de seguran\u00e7a e comodidade para transportar dados.<\/p>\n","protected":false},"excerpt":{"rendered":"<p>O case para HD Sata 2.5 \u00e9 o produto indicado para aqueles que querem a praticidade de um HD externo. <\/p>\n","protected":false},"featured_media":2924,"comment_status":"open","ping_status":"closed","template":"","meta":[],"_links":{"self":[{"href":"https:\/\/topeletronicos.com.br\/index.php\/wp-json\/wp\/v2\/product\/3303"}],"collection":[{"href":"https:\/\/topeletronicos.com.br\/index.php\/wp-json\/wp\/v2\/product"}],"about":[{"href":"https:\/\/topeletronicos.com.br\/index.php\/wp-json\/wp\/v2\/types\/product"}],"replies":[{"embeddable":true,"href":"https:\/\/topeletronicos.com.br\/index.php\/wp-json\/wp\/v2\/comments?post=3303"}],"version-history":[{"count":0,"href":"https:\/\/topeletronicos.com.br\/index.php\/wp-json\/wp\/v2\/product\/3303\/revisions"}],"wp:featuredmedia":[{"embeddable":true,"href":"https:\/\/topeletronicos.com.br\/index.php\/wp-json\/wp\/v2\/media\/2924"}],"wp:attachment":[{"href":"https:\/\/topeletronicos.com.br\/index.php\/wp-json\/wp\/v2\/media?parent=3303"}],"curies":[{"name":"wp","href":"https:\/\/api.w.org\/{rel}","templated":true}]}}