{"id":3305,"date":"2020-10-15T18:46:26","date_gmt":"2020-10-15T21:46:26","guid":{"rendered":"https:\/\/megaeletronicosjc.com.br\/index.php\/product\/cabo-h-d-m-i-achatado-5m-conector-banhado-ouro-fullhd-1080p\/"},"modified":"2020-10-15T18:49:12","modified_gmt":"2020-10-15T21:49:12","slug":"cabo-h-d-m-i-achatado-5m-conector-banhado-ouro-fullhd-1080p","status":"publish","type":"product","link":"https:\/\/topeletronicos.com.br\/index.php\/product\/cabo-h-d-m-i-achatado-5m-conector-banhado-ouro-fullhd-1080p\/","title":{"rendered":"Cabo H.d.m.i Achatado 5m Conector Banhado Ouro Fullhd 1080p"},"content":{"rendered":"<p>O formato achatado deste cabo H.D.M.I \u00e9 \u00f3timo para economizar espa\u00e7o, passar sob tapete, locais pequenos ou fixar em rodap\u00e9s.<\/p>\n<p>Possui condutores banhados a ouro, protegido contra EMI, RFI e sobrecarga, o que garante transmiss\u00f5es de dados sem perda de sinal. M\u00e1xima qualidade nas experi\u00eancias em alta defini\u00e7\u00e3o!<\/p>\n<p>Conecte com seguran\u00e7a aparelhos com sa\u00edda H.D.M.I a sua TV LCD, TV de Plasma, LED TV ou a outros aparelhos com entrada H.D.M.I neste cabo de H.D.M.I de 5 metros achatado.<\/p>\n","protected":false},"excerpt":{"rendered":"<p>O formato achatado deste cabo H.D.M.I \u00e9 \u00f3timo para economizar espa\u00e7o, passar sob tapete, locais pequenos ou fixar em rodap\u00e9s.<\/p>\n","protected":false},"featured_media":2928,"comment_status":"open","ping_status":"closed","template":"","meta":[],"_links":{"self":[{"href":"https:\/\/topeletronicos.com.br\/index.php\/wp-json\/wp\/v2\/product\/3305"}],"collection":[{"href":"https:\/\/topeletronicos.com.br\/index.php\/wp-json\/wp\/v2\/product"}],"about":[{"href":"https:\/\/topeletronicos.com.br\/index.php\/wp-json\/wp\/v2\/types\/product"}],"replies":[{"embeddable":true,"href":"https:\/\/topeletronicos.com.br\/index.php\/wp-json\/wp\/v2\/comments?post=3305"}],"version-history":[{"count":0,"href":"https:\/\/topeletronicos.com.br\/index.php\/wp-json\/wp\/v2\/product\/3305\/revisions"}],"wp:featuredmedia":[{"embeddable":true,"href":"https:\/\/topeletronicos.com.br\/index.php\/wp-json\/wp\/v2\/media\/2928"}],"wp:attachment":[{"href":"https:\/\/topeletronicos.com.br\/index.php\/wp-json\/wp\/v2\/media?parent=3305"}],"curies":[{"name":"wp","href":"https:\/\/api.w.org\/{rel}","templated":true}]}}