{"id":3309,"date":"2020-10-15T18:46:26","date_gmt":"2020-10-15T21:46:26","guid":{"rendered":"https:\/\/megaeletronicosjc.com.br\/index.php\/product\/adaptador-micro-usb-para-lightning-mox-mo-pl01-branco\/"},"modified":"2020-10-15T18:49:12","modified_gmt":"2020-10-15T21:49:12","slug":"adaptador-micro-usb-para-lightning-mox-mo-pl01-branco","status":"publish","type":"product","link":"https:\/\/topeletronicos.com.br\/index.php\/product\/adaptador-micro-usb-para-lightning-mox-mo-pl01-branco\/","title":{"rendered":"Adaptador Micro Usb Para Lightning Mox Mo-pl01 &#8211; Branco"},"content":{"rendered":"<p>O adaptador micro usb para lightning mox mo-pl01 permite conectar o iphone com conector lightning a cabos ou carregadores micro usb utilizados com a maioria dos smartphones e tablets, para sincronizar, transferir dados e carregar o dispositivo m\u00f3vel em qualquer lugar, sem que o usu\u00e1rio se preocupe de ter um cabo compat\u00edvel com o iphone.<\/p>\n","protected":false},"excerpt":{"rendered":"<p>Transferir dados e carregar o dispositivo m\u00f3vel em qualquer lugar, sem que o usu\u00e1rio se preocupe de ter um cabo compat\u00edvel com o iphone.<\/p>\n","protected":false},"featured_media":2937,"comment_status":"open","ping_status":"closed","template":"","meta":[],"_links":{"self":[{"href":"https:\/\/topeletronicos.com.br\/index.php\/wp-json\/wp\/v2\/product\/3309"}],"collection":[{"href":"https:\/\/topeletronicos.com.br\/index.php\/wp-json\/wp\/v2\/product"}],"about":[{"href":"https:\/\/topeletronicos.com.br\/index.php\/wp-json\/wp\/v2\/types\/product"}],"replies":[{"embeddable":true,"href":"https:\/\/topeletronicos.com.br\/index.php\/wp-json\/wp\/v2\/comments?post=3309"}],"version-history":[{"count":0,"href":"https:\/\/topeletronicos.com.br\/index.php\/wp-json\/wp\/v2\/product\/3309\/revisions"}],"wp:featuredmedia":[{"embeddable":true,"href":"https:\/\/topeletronicos.com.br\/index.php\/wp-json\/wp\/v2\/media\/2937"}],"wp:attachment":[{"href":"https:\/\/topeletronicos.com.br\/index.php\/wp-json\/wp\/v2\/media?parent=3309"}],"curies":[{"name":"wp","href":"https:\/\/api.w.org\/{rel}","templated":true}]}}